{"id":119,"date":"2014-02-08T19:29:45","date_gmt":"2014-02-08T19:29:45","guid":{"rendered":"http:\/\/csapokert.gorogkatolikus.hu\/?page_id=119"},"modified":"2014-02-08T19:29:45","modified_gmt":"2014-02-08T19:29:45","slug":"2013-06-29-egyhazkozsegi-bucsu","status":"publish","type":"page","link":"http:\/\/csapokert.gorogkatolikus.hu\/?page_id=119","title":{"rendered":"2013.06.29 Egyh\u00e1zk\u00f6zs\u00e9gi B\u00facs\u00fa"},"content":{"rendered":"<!-- index.php -->\n<div\n\tclass=\"ngg-galleryoverview ngg-ajax-pagination-none\"\n\tid=\"ngg-gallery-dde36570b9456e884cca1000b95ec05f-1\">\n\n    \t<div class=\"slideshowlink\">\n        <a href='http:\/\/csapokert.gorogkatolikus.hu\/index.php\/nggallery\/slideshow?page_id=119'>[Show slideshow]<\/a>\n\t\t\n\t<\/div>\n\t\t\t<!-- Thumbnails -->\n\t\t\t\t<div id=\"ngg-image-0\" class=\"ngg-gallery-thumbnail-box\" >\n\t\t\t\t        <div class=\"ngg-gallery-thumbnail\">\n            <a href=\"http:\/\/csapokert.gorogkatolikus.hu\/wp-content\/gallery\/bucsu13\/DSCF7934.JPG\"\n               title=\"\"\n               data-src=\"http:\/\/csapokert.gorogkatolikus.hu\/wp-content\/gallery\/bucsu13\/DSCF7934.JPG\"\n               data-thumbnail=\"http:\/\/csapokert.gorogkatolikus.hu\/wp-content\/gallery\/bucsu13\/thumbs\/thumbs_DSCF7934.JPG\"\n               data-image-id=\"58\"\n               data-title=\"DSCF7934\"\n               data-description=\"\"\n               data-image-slug=\"dscf7934\"\n               class=\"ngg-fancybox\" rel=\"dde36570b9456e884cca1000b95ec05f\">\n                <img\n                    title=\"DSCF7934\"\n                    alt=\"DSCF7934\"\n                    src=\"http:\/\/csapokert.gorogkatolikus.hu\/wp-content\/gallery\/bucsu13\/thumbs\/thumbs_DSCF7934.JPG\"\n                    width=\"120\"\n                    height=\"90\"\n                    style=\"max-width:100%;\"\n                \/>\n            <\/a>\n        <\/div>\n\t\t\t\t\t\t\t<\/div> \n\t\t\t\n        \n\t\t\t\t<div id=\"ngg-image-1\" class=\"ngg-gallery-thumbnail-box\" >\n\t\t\t\t        <div class=\"ngg-gallery-thumbnail\">\n            <a href=\"http:\/\/csapokert.gorogkatolikus.hu\/wp-content\/gallery\/bucsu13\/DSCF7935.JPG\"\n               title=\"\"\n               data-src=\"http:\/\/csapokert.gorogkatolikus.hu\/wp-content\/gallery\/bucsu13\/DSCF7935.JPG\"\n               data-thumbnail=\"http:\/\/csapokert.gorogkatolikus.hu\/wp-content\/gallery\/bucsu13\/thumbs\/thumbs_DSCF7935.JPG\"\n               data-image-id=\"59\"\n               data-title=\"DSCF7935\"\n               data-description=\"\"\n               data-image-slug=\"dscf7935\"\n               class=\"ngg-fancybox\" rel=\"dde36570b9456e884cca1000b95ec05f\">\n                <img\n                    title=\"DSCF7935\"\n                    alt=\"DSCF7935\"\n                    src=\"http:\/\/csapokert.gorogkatolikus.hu\/wp-content\/gallery\/bucsu13\/thumbs\/thumbs_DSCF7935.JPG\"\n                    width=\"120\"\n                    height=\"90\"\n                    style=\"max-width:100%;\"\n                \/>\n            <\/a>\n        <\/div>\n\t\t\t\t\t\t\t<\/div> \n\t\t\t\n        \n\t\t\t\t<div id=\"ngg-image-2\" class=\"ngg-gallery-thumbnail-box\" >\n\t\t\t\t        <div class=\"ngg-gallery-thumbnail\">\n            <a href=\"http:\/\/csapokert.gorogkatolikus.hu\/wp-content\/gallery\/bucsu13\/DSCF7937.JPG\"\n               title=\"\"\n               data-src=\"http:\/\/csapokert.gorogkatolikus.hu\/wp-content\/gallery\/bucsu13\/DSCF7937.JPG\"\n               data-thumbnail=\"http:\/\/csapokert.gorogkatolikus.hu\/wp-content\/gallery\/bucsu13\/thumbs\/thumbs_DSCF7937.JPG\"\n               data-image-id=\"60\"\n               data-title=\"DSCF7937\"\n               data-description=\"\"\n               data-image-slug=\"dscf7937\"\n               class=\"ngg-fancybox\" rel=\"dde36570b9456e884cca1000b95ec05f\">\n                <img\n                    title=\"DSCF7937\"\n                    alt=\"DSCF7937\"\n                    src=\"http:\/\/csapokert.gorogkatolikus.hu\/wp-content\/gallery\/bucsu13\/thumbs\/thumbs_DSCF7937.JPG\"\n                    width=\"120\"\n                    height=\"90\"\n                    style=\"max-width:100%;\"\n                \/>\n            <\/a>\n        <\/div>\n\t\t\t\t\t\t\t<\/div> \n\t\t\t\n        \n\t\t\t\t<div id=\"ngg-image-3\" class=\"ngg-gallery-thumbnail-box\" >\n\t\t\t\t        <div class=\"ngg-gallery-thumbnail\">\n            <a href=\"http:\/\/csapokert.gorogkatolikus.hu\/wp-content\/gallery\/bucsu13\/DSCF7938.JPG\"\n               title=\"\"\n               data-src=\"http:\/\/csapokert.gorogkatolikus.hu\/wp-content\/gallery\/bucsu13\/DSCF7938.JPG\"\n               data-thumbnail=\"http:\/\/csapokert.gorogkatolikus.hu\/wp-content\/gallery\/bucsu13\/thumbs\/thumbs_DSCF7938.JPG\"\n               data-image-id=\"61\"\n               data-title=\"DSCF7938\"\n               data-description=\"\"\n               data-image-slug=\"dscf7938\"\n               class=\"ngg-fancybox\" rel=\"dde36570b9456e884cca1000b95ec05f\">\n                <img\n                    title=\"DSCF7938\"\n                    alt=\"DSCF7938\"\n                    src=\"http:\/\/csapokert.gorogkatolikus.hu\/wp-content\/gallery\/bucsu13\/thumbs\/thumbs_DSCF7938.JPG\"\n                    width=\"120\"\n                    height=\"90\"\n                    style=\"max-width:100%;\"\n                \/>\n            <\/a>\n        <\/div>\n\t\t\t\t\t\t\t<\/div> \n\t\t\t\n        \n\t\t\t\t<div id=\"ngg-image-4\" class=\"ngg-gallery-thumbnail-box\" >\n\t\t\t\t        <div class=\"ngg-gallery-thumbnail\">\n            <a href=\"http:\/\/csapokert.gorogkatolikus.hu\/wp-content\/gallery\/bucsu13\/DSCF7939.JPG\"\n               title=\"\"\n               data-src=\"http:\/\/csapokert.gorogkatolikus.hu\/wp-content\/gallery\/bucsu13\/DSCF7939.JPG\"\n               data-thumbnail=\"http:\/\/csapokert.gorogkatolikus.hu\/wp-content\/gallery\/bucsu13\/thumbs\/thumbs_DSCF7939.JPG\"\n               data-image-id=\"62\"\n               data-title=\"DSCF7939\"\n               data-description=\"\"\n               data-image-slug=\"dscf7939\"\n               class=\"ngg-fancybox\" rel=\"dde36570b9456e884cca1000b95ec05f\">\n                <img\n                    title=\"DSCF7939\"\n                    alt=\"DSCF7939\"\n                    src=\"http:\/\/csapokert.gorogkatolikus.hu\/wp-content\/gallery\/bucsu13\/thumbs\/thumbs_DSCF7939.JPG\"\n                    width=\"120\"\n                    height=\"90\"\n                    style=\"max-width:100%;\"\n                \/>\n            <\/a>\n        <\/div>\n\t\t\t\t\t\t\t<\/div> \n\t\t\t\n        \n\t\t\t\t<div id=\"ngg-image-5\" class=\"ngg-gallery-thumbnail-box\" >\n\t\t\t\t        <div class=\"ngg-gallery-thumbnail\">\n            <a href=\"http:\/\/csapokert.gorogkatolikus.hu\/wp-content\/gallery\/bucsu13\/DSCF7942.JPG\"\n               title=\"\"\n               data-src=\"http:\/\/csapokert.gorogkatolikus.hu\/wp-content\/gallery\/bucsu13\/DSCF7942.JPG\"\n               data-thumbnail=\"http:\/\/csapokert.gorogkatolikus.hu\/wp-content\/gallery\/bucsu13\/thumbs\/thumbs_DSCF7942.JPG\"\n               data-image-id=\"63\"\n               data-title=\"DSCF7942\"\n               data-description=\"\"\n               data-image-slug=\"dscf7942\"\n               class=\"ngg-fancybox\" rel=\"dde36570b9456e884cca1000b95ec05f\">\n                <img\n                    title=\"DSCF7942\"\n                    alt=\"DSCF7942\"\n                    src=\"http:\/\/csapokert.gorogkatolikus.hu\/wp-content\/gallery\/bucsu13\/thumbs\/thumbs_DSCF7942.JPG\"\n                    width=\"120\"\n                    height=\"90\"\n                    style=\"max-width:100%;\"\n                \/>\n            <\/a>\n        <\/div>\n\t\t\t\t\t\t\t<\/div> \n\t\t\t\n        \n\t\t\t\t<div id=\"ngg-image-6\" class=\"ngg-gallery-thumbnail-box\" >\n\t\t\t\t        <div class=\"ngg-gallery-thumbnail\">\n            <a href=\"http:\/\/csapokert.gorogkatolikus.hu\/wp-content\/gallery\/bucsu13\/DSCF7943.JPG\"\n               title=\"\"\n               data-src=\"http:\/\/csapokert.gorogkatolikus.hu\/wp-content\/gallery\/bucsu13\/DSCF7943.JPG\"\n               data-thumbnail=\"http:\/\/csapokert.gorogkatolikus.hu\/wp-content\/gallery\/bucsu13\/thumbs\/thumbs_DSCF7943.JPG\"\n               data-image-id=\"64\"\n               data-title=\"DSCF7943\"\n               data-description=\"\"\n               data-image-slug=\"dscf7943\"\n               class=\"ngg-fancybox\" rel=\"dde36570b9456e884cca1000b95ec05f\">\n                <img\n                    title=\"DSCF7943\"\n                    alt=\"DSCF7943\"\n                    src=\"http:\/\/csapokert.gorogkatolikus.hu\/wp-content\/gallery\/bucsu13\/thumbs\/thumbs_DSCF7943.JPG\"\n                    width=\"120\"\n                    height=\"90\"\n                    style=\"max-width:100%;\"\n                \/>\n            <\/a>\n        <\/div>\n\t\t\t\t\t\t\t<\/div> \n\t\t\t\n        \n\t\t\t\t<div id=\"ngg-image-7\" class=\"ngg-gallery-thumbnail-box\" >\n\t\t\t\t        <div class=\"ngg-gallery-thumbnail\">\n            <a href=\"http:\/\/csapokert.gorogkatolikus.hu\/wp-content\/gallery\/bucsu13\/DSCF7948.JPG\"\n               title=\"\"\n               data-src=\"http:\/\/csapokert.gorogkatolikus.hu\/wp-content\/gallery\/bucsu13\/DSCF7948.JPG\"\n               data-thumbnail=\"http:\/\/csapokert.gorogkatolikus.hu\/wp-content\/gallery\/bucsu13\/thumbs\/thumbs_DSCF7948.JPG\"\n               data-image-id=\"65\"\n               data-title=\"DSCF7948\"\n               data-description=\"\"\n               data-image-slug=\"dscf7948\"\n               class=\"ngg-fancybox\" rel=\"dde36570b9456e884cca1000b95ec05f\">\n                <img\n                    title=\"DSCF7948\"\n                    alt=\"DSCF7948\"\n                    src=\"http:\/\/csapokert.gorogkatolikus.hu\/wp-content\/gallery\/bucsu13\/thumbs\/thumbs_DSCF7948.JPG\"\n                    width=\"120\"\n                    height=\"90\"\n                    style=\"max-width:100%;\"\n                \/>\n            <\/a>\n        <\/div>\n\t\t\t\t\t\t\t<\/div> \n\t\t\t\n        \n\t\t\t\t<div id=\"ngg-image-8\" class=\"ngg-gallery-thumbnail-box\" >\n\t\t\t\t        <div class=\"ngg-gallery-thumbnail\">\n            <a href=\"http:\/\/csapokert.gorogkatolikus.hu\/wp-content\/gallery\/bucsu13\/DSCF7949.JPG\"\n               title=\"\"\n               data-src=\"http:\/\/csapokert.gorogkatolikus.hu\/wp-content\/gallery\/bucsu13\/DSCF7949.JPG\"\n               data-thumbnail=\"http:\/\/csapokert.gorogkatolikus.hu\/wp-content\/gallery\/bucsu13\/thumbs\/thumbs_DSCF7949.JPG\"\n               data-image-id=\"66\"\n               data-title=\"DSCF7949\"\n               data-description=\"\"\n               data-image-slug=\"dscf7949\"\n               class=\"ngg-fancybox\" rel=\"dde36570b9456e884cca1000b95ec05f\">\n                <img\n                    title=\"DSCF7949\"\n                    alt=\"DSCF7949\"\n                    src=\"http:\/\/csapokert.gorogkatolikus.hu\/wp-content\/gallery\/bucsu13\/thumbs\/thumbs_DSCF7949.JPG\"\n                    width=\"120\"\n                    height=\"90\"\n                    style=\"max-width:100%;\"\n                \/>\n            <\/a>\n        <\/div>\n\t\t\t\t\t\t\t<\/div> \n\t\t\t\n        \n\t\t\t\t<div id=\"ngg-image-9\" class=\"ngg-gallery-thumbnail-box\" >\n\t\t\t\t        <div class=\"ngg-gallery-thumbnail\">\n            <a href=\"http:\/\/csapokert.gorogkatolikus.hu\/wp-content\/gallery\/bucsu13\/DSCF7951.JPG\"\n               title=\"\"\n               data-src=\"http:\/\/csapokert.gorogkatolikus.hu\/wp-content\/gallery\/bucsu13\/DSCF7951.JPG\"\n               data-thumbnail=\"http:\/\/csapokert.gorogkatolikus.hu\/wp-content\/gallery\/bucsu13\/thumbs\/thumbs_DSCF7951.JPG\"\n               data-image-id=\"67\"\n               data-title=\"DSCF7951\"\n               data-description=\"\"\n               data-image-slug=\"dscf7951\"\n               class=\"ngg-fancybox\" rel=\"dde36570b9456e884cca1000b95ec05f\">\n                <img\n                    title=\"DSCF7951\"\n                    alt=\"DSCF7951\"\n                    src=\"http:\/\/csapokert.gorogkatolikus.hu\/wp-content\/gallery\/bucsu13\/thumbs\/thumbs_DSCF7951.JPG\"\n                    width=\"120\"\n                    height=\"90\"\n                    style=\"max-width:100%;\"\n                \/>\n            <\/a>\n        <\/div>\n\t\t\t\t\t\t\t<\/div> \n\t\t\t\n        \n\t\t\t\t<div id=\"ngg-image-10\" class=\"ngg-gallery-thumbnail-box\" >\n\t\t\t\t        <div class=\"ngg-gallery-thumbnail\">\n            <a href=\"http:\/\/csapokert.gorogkatolikus.hu\/wp-content\/gallery\/bucsu13\/DSCF7954.JPG\"\n               title=\"\"\n               data-src=\"http:\/\/csapokert.gorogkatolikus.hu\/wp-content\/gallery\/bucsu13\/DSCF7954.JPG\"\n               data-thumbnail=\"http:\/\/csapokert.gorogkatolikus.hu\/wp-content\/gallery\/bucsu13\/thumbs\/thumbs_DSCF7954.JPG\"\n               data-image-id=\"68\"\n               data-title=\"DSCF7954\"\n               data-description=\"\"\n               data-image-slug=\"dscf7954\"\n               class=\"ngg-fancybox\" rel=\"dde36570b9456e884cca1000b95ec05f\">\n                <img\n                    title=\"DSCF7954\"\n                    alt=\"DSCF7954\"\n                    src=\"http:\/\/csapokert.gorogkatolikus.hu\/wp-content\/gallery\/bucsu13\/thumbs\/thumbs_DSCF7954.JPG\"\n                    width=\"120\"\n                    height=\"90\"\n                    style=\"max-width:100%;\"\n                \/>\n            <\/a>\n        <\/div>\n\t\t\t\t\t\t\t<\/div> \n\t\t\t\n        \n\t\t\t\t<div id=\"ngg-image-11\" class=\"ngg-gallery-thumbnail-box\" >\n\t\t\t\t        <div class=\"ngg-gallery-thumbnail\">\n            <a href=\"http:\/\/csapokert.gorogkatolikus.hu\/wp-content\/gallery\/bucsu13\/DSCF7956.JPG\"\n               title=\"\"\n               data-src=\"http:\/\/csapokert.gorogkatolikus.hu\/wp-content\/gallery\/bucsu13\/DSCF7956.JPG\"\n               data-thumbnail=\"http:\/\/csapokert.gorogkatolikus.hu\/wp-content\/gallery\/bucsu13\/thumbs\/thumbs_DSCF7956.JPG\"\n               data-image-id=\"69\"\n               data-title=\"DSCF7956\"\n               data-description=\"\"\n               data-image-slug=\"dscf7956\"\n               class=\"ngg-fancybox\" rel=\"dde36570b9456e884cca1000b95ec05f\">\n                <img\n                    title=\"DSCF7956\"\n                    alt=\"DSCF7956\"\n                    src=\"http:\/\/csapokert.gorogkatolikus.hu\/wp-content\/gallery\/bucsu13\/thumbs\/thumbs_DSCF7956.JPG\"\n                    width=\"120\"\n                    height=\"90\"\n                    style=\"max-width:100%;\"\n                \/>\n            <\/a>\n        <\/div>\n\t\t\t\t\t\t\t<\/div> \n\t\t\t\n        \n\t\t\t\t<div id=\"ngg-image-12\" class=\"ngg-gallery-thumbnail-box\" >\n\t\t\t\t        <div class=\"ngg-gallery-thumbnail\">\n            <a href=\"http:\/\/csapokert.gorogkatolikus.hu\/wp-content\/gallery\/bucsu13\/DSCF7960.JPG\"\n               title=\"\"\n               data-src=\"http:\/\/csapokert.gorogkatolikus.hu\/wp-content\/gallery\/bucsu13\/DSCF7960.JPG\"\n               data-thumbnail=\"http:\/\/csapokert.gorogkatolikus.hu\/wp-content\/gallery\/bucsu13\/thumbs\/thumbs_DSCF7960.JPG\"\n               data-image-id=\"70\"\n               data-title=\"DSCF7960\"\n               data-description=\"\"\n               data-image-slug=\"dscf7960\"\n               class=\"ngg-fancybox\" rel=\"dde36570b9456e884cca1000b95ec05f\">\n                <img\n                    title=\"DSCF7960\"\n                    alt=\"DSCF7960\"\n                    src=\"http:\/\/csapokert.gorogkatolikus.hu\/wp-content\/gallery\/bucsu13\/thumbs\/thumbs_DSCF7960.JPG\"\n                    width=\"120\"\n                    height=\"90\"\n                    style=\"max-width:100%;\"\n                \/>\n            <\/a>\n        <\/div>\n\t\t\t\t\t\t\t<\/div> \n\t\t\t\n        \n\t\t\t\t<div id=\"ngg-image-13\" class=\"ngg-gallery-thumbnail-box\" >\n\t\t\t\t        <div class=\"ngg-gallery-thumbnail\">\n            <a href=\"http:\/\/csapokert.gorogkatolikus.hu\/wp-content\/gallery\/bucsu13\/DSCF7961.JPG\"\n               title=\"\"\n               data-src=\"http:\/\/csapokert.gorogkatolikus.hu\/wp-content\/gallery\/bucsu13\/DSCF7961.JPG\"\n               data-thumbnail=\"http:\/\/csapokert.gorogkatolikus.hu\/wp-content\/gallery\/bucsu13\/thumbs\/thumbs_DSCF7961.JPG\"\n               data-image-id=\"71\"\n               data-title=\"DSCF7961\"\n               data-description=\"\"\n               data-image-slug=\"dscf7961\"\n               class=\"ngg-fancybox\" rel=\"dde36570b9456e884cca1000b95ec05f\">\n                <img\n                    title=\"DSCF7961\"\n                    alt=\"DSCF7961\"\n                    src=\"http:\/\/csapokert.gorogkatolikus.hu\/wp-content\/gallery\/bucsu13\/thumbs\/thumbs_DSCF7961.JPG\"\n                    width=\"120\"\n                    height=\"90\"\n                    style=\"max-width:100%;\"\n                \/>\n            <\/a>\n        <\/div>\n\t\t\t\t\t\t\t<\/div> \n\t\t\t\n        \n\t\t\t\t<div id=\"ngg-image-14\" class=\"ngg-gallery-thumbnail-box\" >\n\t\t\t\t        <div class=\"ngg-gallery-thumbnail\">\n            <a href=\"http:\/\/csapokert.gorogkatolikus.hu\/wp-content\/gallery\/bucsu13\/DSCF7962.JPG\"\n               title=\"\"\n               data-src=\"http:\/\/csapokert.gorogkatolikus.hu\/wp-content\/gallery\/bucsu13\/DSCF7962.JPG\"\n               data-thumbnail=\"http:\/\/csapokert.gorogkatolikus.hu\/wp-content\/gallery\/bucsu13\/thumbs\/thumbs_DSCF7962.JPG\"\n               data-image-id=\"72\"\n               data-title=\"DSCF7962\"\n               data-description=\"\"\n               data-image-slug=\"dscf7962\"\n               class=\"ngg-fancybox\" rel=\"dde36570b9456e884cca1000b95ec05f\">\n                <img\n                    title=\"DSCF7962\"\n                    alt=\"DSCF7962\"\n                    src=\"http:\/\/csapokert.gorogkatolikus.hu\/wp-content\/gallery\/bucsu13\/thumbs\/thumbs_DSCF7962.JPG\"\n                    width=\"120\"\n                    height=\"90\"\n                    style=\"max-width:100%;\"\n                \/>\n            <\/a>\n        <\/div>\n\t\t\t\t\t\t\t<\/div> \n\t\t\t\n        \n\t\t\t\t<div id=\"ngg-image-15\" class=\"ngg-gallery-thumbnail-box\" >\n\t\t\t\t        <div class=\"ngg-gallery-thumbnail\">\n            <a href=\"http:\/\/csapokert.gorogkatolikus.hu\/wp-content\/gallery\/bucsu13\/DSCF7967.JPG\"\n               title=\"\"\n               data-src=\"http:\/\/csapokert.gorogkatolikus.hu\/wp-content\/gallery\/bucsu13\/DSCF7967.JPG\"\n               data-thumbnail=\"http:\/\/csapokert.gorogkatolikus.hu\/wp-content\/gallery\/bucsu13\/thumbs\/thumbs_DSCF7967.JPG\"\n               data-image-id=\"73\"\n               data-title=\"DSCF7967\"\n               data-description=\"\"\n               data-image-slug=\"dscf7967\"\n               class=\"ngg-fancybox\" rel=\"dde36570b9456e884cca1000b95ec05f\">\n                <img\n                    title=\"DSCF7967\"\n                    alt=\"DSCF7967\"\n                    src=\"http:\/\/csapokert.gorogkatolikus.hu\/wp-content\/gallery\/bucsu13\/thumbs\/thumbs_DSCF7967.JPG\"\n                    width=\"120\"\n                    height=\"90\"\n                    style=\"max-width:100%;\"\n                \/>\n            <\/a>\n        <\/div>\n\t\t\t\t\t\t\t<\/div> \n\t\t\t\n        \n\t\t\t\t<div id=\"ngg-image-16\" class=\"ngg-gallery-thumbnail-box\" >\n\t\t\t\t        <div class=\"ngg-gallery-thumbnail\">\n            <a href=\"http:\/\/csapokert.gorogkatolikus.hu\/wp-content\/gallery\/bucsu13\/DSCF7970.JPG\"\n               title=\"\"\n               data-src=\"http:\/\/csapokert.gorogkatolikus.hu\/wp-content\/gallery\/bucsu13\/DSCF7970.JPG\"\n               data-thumbnail=\"http:\/\/csapokert.gorogkatolikus.hu\/wp-content\/gallery\/bucsu13\/thumbs\/thumbs_DSCF7970.JPG\"\n               data-image-id=\"74\"\n               data-title=\"DSCF7970\"\n               data-description=\"\"\n               data-image-slug=\"dscf7970\"\n               class=\"ngg-fancybox\" rel=\"dde36570b9456e884cca1000b95ec05f\">\n                <img\n                    title=\"DSCF7970\"\n                    alt=\"DSCF7970\"\n                    src=\"http:\/\/csapokert.gorogkatolikus.hu\/wp-content\/gallery\/bucsu13\/thumbs\/thumbs_DSCF7970.JPG\"\n                    width=\"120\"\n                    height=\"90\"\n                    style=\"max-width:100%;\"\n                \/>\n            <\/a>\n        <\/div>\n\t\t\t\t\t\t\t<\/div> \n\t\t\t\n        \n\t\t\t\t<div id=\"ngg-image-17\" class=\"ngg-gallery-thumbnail-box\" >\n\t\t\t\t        <div class=\"ngg-gallery-thumbnail\">\n            <a href=\"http:\/\/csapokert.gorogkatolikus.hu\/wp-content\/gallery\/bucsu13\/DSCF7972.JPG\"\n               title=\"\"\n               data-src=\"http:\/\/csapokert.gorogkatolikus.hu\/wp-content\/gallery\/bucsu13\/DSCF7972.JPG\"\n               data-thumbnail=\"http:\/\/csapokert.gorogkatolikus.hu\/wp-content\/gallery\/bucsu13\/thumbs\/thumbs_DSCF7972.JPG\"\n               data-image-id=\"75\"\n               data-title=\"DSCF7972\"\n               data-description=\"\"\n               data-image-slug=\"dscf7972\"\n               class=\"ngg-fancybox\" rel=\"dde36570b9456e884cca1000b95ec05f\">\n                <img\n                    title=\"DSCF7972\"\n                    alt=\"DSCF7972\"\n                    src=\"http:\/\/csapokert.gorogkatolikus.hu\/wp-content\/gallery\/bucsu13\/thumbs\/thumbs_DSCF7972.JPG\"\n                    width=\"120\"\n                    height=\"90\"\n                    style=\"max-width:100%;\"\n                \/>\n            <\/a>\n        <\/div>\n\t\t\t\t\t\t\t<\/div> \n\t\t\t\n        \n\t\t\n\t\t<!-- Pagination -->\n\t<div class='ngg-clear'><\/div>\t<\/div>\n\n","protected":false},"excerpt":{"rendered":"","protected":false},"author":1,"featured_media":0,"parent":0,"menu_order":0,"comment_status":"closed","ping_status":"closed","template":"","meta":{"ngg_post_thumbnail":0},"_links":{"self":[{"href":"http:\/\/csapokert.gorogkatolikus.hu\/index.php?rest_route=\/wp\/v2\/pages\/119"}],"collection":[{"href":"http:\/\/csapokert.gorogkatolikus.hu\/index.php?rest_route=\/wp\/v2\/pages"}],"about":[{"href":"http:\/\/csapokert.gorogkatolikus.hu\/index.php?rest_route=\/wp\/v2\/types\/page"}],"author":[{"embeddable":true,"href":"http:\/\/csapokert.gorogkatolikus.hu\/index.php?rest_route=\/wp\/v2\/users\/1"}],"replies":[{"embeddable":true,"href":"http:\/\/csapokert.gorogkatolikus.hu\/index.php?rest_route=%2Fwp%2Fv2%2Fcomments&post=119"}],"version-history":[{"count":0,"href":"http:\/\/csapokert.gorogkatolikus.hu\/index.php?rest_route=\/wp\/v2\/pages\/119\/revisions"}],"wp:attachment":[{"href":"http:\/\/csapokert.gorogkatolikus.hu\/index.php?rest_route=%2Fwp%2Fv2%2Fmedia&parent=119"}],"curies":[{"name":"wp","href":"https:\/\/api.w.org\/{rel}","templated":true}]}}