{"id":130,"date":"2014-02-08T19:38:54","date_gmt":"2014-02-08T19:38:54","guid":{"rendered":"http:\/\/csapokert.gorogkatolikus.hu\/?page_id=130"},"modified":"2024-02-13T08:18:26","modified_gmt":"2024-02-13T08:18:26","slug":"kapcsolat","status":"publish","type":"page","link":"http:\/\/csapokert.gorogkatolikus.hu\/?page_id=130","title":{"rendered":"Kapcsolat"},"content":{"rendered":"\n<figure class=\"wp-block-table\"><table><tbody><tr><td>Parochus:<\/td><td>Kiss L\u00e1szl\u00f3<\/td><\/tr><tr><td>Tel.:<\/td><td>30-466-8132<\/td><\/tr><tr><td>E-mail.:<\/td><td>letsgoatya72@gmail.com<\/td><\/tr><tr><td>C\u00edm:<\/td><td>4033 Debrecen Vak Botty\u00e1n 24-26.<\/td><\/tr><tr><td>Egyh\u00e1zk\u00f6zs\u00e9g sz\u00e1mlasz\u00e1ma:<\/td><td>11100609-18562824-36000001<\/td><\/tr><\/tbody><\/table><\/figure>\n\n\n\n<h3>K\u00e9rj\u00fck t\u00e1mogassa alap\u00edtv\u00e1nyunkat ad\u00f3j\u00e1nak 1 %-val<br \/>Szent P\u00e9ter \u00e9s P\u00e1l Alap\u00edtv\u00e1ny a Debrecen-csap\u00f3kerti g\u00f6r\u00f6g katolikus egyh\u00e1zk\u00f6zs\u00e9g\u00e9rt<br \/>Ad\u00f3sz\u00e1m: 18563698-1-09<\/h3>\n","protected":false},"excerpt":{"rendered":"<p>Parochus: Kiss L\u00e1szl\u00f3 Tel.: 30-466-8132 E-mail.: letsgoatya72@gmail.com C\u00edm: 4033 Debrecen Vak Botty\u00e1n 24-26. Egyh\u00e1zk\u00f6zs\u00e9g sz\u00e1mlasz\u00e1ma: 11100609-18562824-36000001 K\u00e9rj\u00fck t\u00e1mogassa alap\u00edtv\u00e1nyunkat ad\u00f3j\u00e1nak 1 %-valSzent P\u00e9ter \u00e9s P\u00e1l Alap\u00edtv\u00e1ny a Debrecen-csap\u00f3kerti g\u00f6r\u00f6g katolikus egyh\u00e1zk\u00f6zs\u00e9g\u00e9rtAd\u00f3sz\u00e1m: 18563698-1-09<\/p>\n","protected":false},"author":1,"featured_media":0,"parent":0,"menu_order":0,"comment_status":"closed","ping_status":"closed","template":"","meta":{"ngg_post_thumbnail":0},"_links":{"self":[{"href":"http:\/\/csapokert.gorogkatolikus.hu\/index.php?rest_route=\/wp\/v2\/pages\/130"}],"collection":[{"href":"http:\/\/csapokert.gorogkatolikus.hu\/index.php?rest_route=\/wp\/v2\/pages"}],"about":[{"href":"http:\/\/csapokert.gorogkatolikus.hu\/index.php?rest_route=\/wp\/v2\/types\/page"}],"author":[{"embeddable":true,"href":"http:\/\/csapokert.gorogkatolikus.hu\/index.php?rest_route=\/wp\/v2\/users\/1"}],"replies":[{"embeddable":true,"href":"http:\/\/csapokert.gorogkatolikus.hu\/index.php?rest_route=%2Fwp%2Fv2%2Fcomments&post=130"}],"version-history":[{"count":3,"href":"http:\/\/csapokert.gorogkatolikus.hu\/index.php?rest_route=\/wp\/v2\/pages\/130\/revisions"}],"predecessor-version":[{"id":5263,"href":"http:\/\/csapokert.gorogkatolikus.hu\/index.php?rest_route=\/wp\/v2\/pages\/130\/revisions\/5263"}],"wp:attachment":[{"href":"http:\/\/csapokert.gorogkatolikus.hu\/index.php?rest_route=%2Fwp%2Fv2%2Fmedia&parent=130"}],"curies":[{"name":"wp","href":"https:\/\/api.w.org\/{rel}","templated":true}]}}