{"id":211,"date":"2014-02-09T19:31:31","date_gmt":"2014-02-09T19:31:31","guid":{"rendered":"http:\/\/csapokert.gorogkatolikus.hu\/?page_id=211"},"modified":"2014-02-09T19:31:31","modified_gmt":"2014-02-09T19:31:31","slug":"2013-08-03-kerekpartura","status":"publish","type":"page","link":"http:\/\/csapokert.gorogkatolikus.hu\/?page_id=211","title":{"rendered":"2013.08.03 Ker\u00e9kp\u00e1rt\u00fara"},"content":{"rendered":"<!-- index.php -->\n<div\n\tclass=\"ngg-galleryoverview ngg-ajax-pagination-none\"\n\tid=\"ngg-gallery-59a042ef79ac85b68a701f4108d74e0e-1\">\n\n    \t<div class=\"slideshowlink\">\n        <a href='http:\/\/csapokert.gorogkatolikus.hu\/index.php\/nggallery\/slideshow?page_id=211'>[Show slideshow]<\/a>\n\t\t\n\t<\/div>\n\t\t\t<!-- Thumbnails -->\n\t\t\t\t<div id=\"ngg-image-0\" class=\"ngg-gallery-thumbnail-box\" >\n\t\t\t\t        <div class=\"ngg-gallery-thumbnail\">\n            <a href=\"http:\/\/csapokert.gorogkatolikus.hu\/wp-content\/gallery\/kerekpartura13\/DSCF8074.JPG\"\n               title=\"\"\n               data-src=\"http:\/\/csapokert.gorogkatolikus.hu\/wp-content\/gallery\/kerekpartura13\/DSCF8074.JPG\"\n               data-thumbnail=\"http:\/\/csapokert.gorogkatolikus.hu\/wp-content\/gallery\/kerekpartura13\/thumbs\/thumbs_DSCF8074.JPG\"\n               data-image-id=\"126\"\n               data-title=\"DSCF8074\"\n               data-description=\"\"\n               data-image-slug=\"dscf8074\"\n               class=\"ngg-fancybox\" rel=\"59a042ef79ac85b68a701f4108d74e0e\">\n                <img\n                    title=\"DSCF8074\"\n                    alt=\"DSCF8074\"\n                    src=\"http:\/\/csapokert.gorogkatolikus.hu\/wp-content\/gallery\/kerekpartura13\/thumbs\/thumbs_DSCF8074.JPG\"\n                    width=\"120\"\n                    height=\"90\"\n                    style=\"max-width:100%;\"\n                \/>\n            <\/a>\n        <\/div>\n\t\t\t\t\t\t\t<\/div> \n\t\t\t\n        \n\t\t\t\t<div id=\"ngg-image-1\" class=\"ngg-gallery-thumbnail-box\" >\n\t\t\t\t        <div class=\"ngg-gallery-thumbnail\">\n            <a href=\"http:\/\/csapokert.gorogkatolikus.hu\/wp-content\/gallery\/kerekpartura13\/DSCF8075.JPG\"\n               title=\"\"\n               data-src=\"http:\/\/csapokert.gorogkatolikus.hu\/wp-content\/gallery\/kerekpartura13\/DSCF8075.JPG\"\n               data-thumbnail=\"http:\/\/csapokert.gorogkatolikus.hu\/wp-content\/gallery\/kerekpartura13\/thumbs\/thumbs_DSCF8075.JPG\"\n               data-image-id=\"127\"\n               data-title=\"DSCF8075\"\n               data-description=\"\"\n               data-image-slug=\"dscf8075\"\n               class=\"ngg-fancybox\" rel=\"59a042ef79ac85b68a701f4108d74e0e\">\n                <img\n                    title=\"DSCF8075\"\n                    alt=\"DSCF8075\"\n                    src=\"http:\/\/csapokert.gorogkatolikus.hu\/wp-content\/gallery\/kerekpartura13\/thumbs\/thumbs_DSCF8075.JPG\"\n                    width=\"120\"\n                    height=\"90\"\n                    style=\"max-width:100%;\"\n                \/>\n            <\/a>\n        <\/div>\n\t\t\t\t\t\t\t<\/div> \n\t\t\t\n        \n\t\t\t\t<div id=\"ngg-image-2\" class=\"ngg-gallery-thumbnail-box\" >\n\t\t\t\t        <div class=\"ngg-gallery-thumbnail\">\n            <a href=\"http:\/\/csapokert.gorogkatolikus.hu\/wp-content\/gallery\/kerekpartura13\/DSCF8077.JPG\"\n               title=\"\"\n               data-src=\"http:\/\/csapokert.gorogkatolikus.hu\/wp-content\/gallery\/kerekpartura13\/DSCF8077.JPG\"\n               data-thumbnail=\"http:\/\/csapokert.gorogkatolikus.hu\/wp-content\/gallery\/kerekpartura13\/thumbs\/thumbs_DSCF8077.JPG\"\n               data-image-id=\"128\"\n               data-title=\"DSCF8077\"\n               data-description=\"\"\n               data-image-slug=\"dscf8077\"\n               class=\"ngg-fancybox\" rel=\"59a042ef79ac85b68a701f4108d74e0e\">\n                <img\n                    title=\"DSCF8077\"\n                    alt=\"DSCF8077\"\n                    src=\"http:\/\/csapokert.gorogkatolikus.hu\/wp-content\/gallery\/kerekpartura13\/thumbs\/thumbs_DSCF8077.JPG\"\n                    width=\"120\"\n                    height=\"90\"\n                    style=\"max-width:100%;\"\n                \/>\n            <\/a>\n        <\/div>\n\t\t\t\t\t\t\t<\/div> \n\t\t\t\n        \n\t\t\t\t<div id=\"ngg-image-3\" class=\"ngg-gallery-thumbnail-box\" >\n\t\t\t\t        <div class=\"ngg-gallery-thumbnail\">\n            <a href=\"http:\/\/csapokert.gorogkatolikus.hu\/wp-content\/gallery\/kerekpartura13\/DSCF8079.JPG\"\n               title=\"\"\n               data-src=\"http:\/\/csapokert.gorogkatolikus.hu\/wp-content\/gallery\/kerekpartura13\/DSCF8079.JPG\"\n               data-thumbnail=\"http:\/\/csapokert.gorogkatolikus.hu\/wp-content\/gallery\/kerekpartura13\/thumbs\/thumbs_DSCF8079.JPG\"\n               data-image-id=\"129\"\n               data-title=\"DSCF8079\"\n               data-description=\"\"\n               data-image-slug=\"dscf8079\"\n               class=\"ngg-fancybox\" rel=\"59a042ef79ac85b68a701f4108d74e0e\">\n                <img\n                    title=\"DSCF8079\"\n                    alt=\"DSCF8079\"\n                    src=\"http:\/\/csapokert.gorogkatolikus.hu\/wp-content\/gallery\/kerekpartura13\/thumbs\/thumbs_DSCF8079.JPG\"\n                    width=\"120\"\n                    height=\"90\"\n                    style=\"max-width:100%;\"\n                \/>\n            <\/a>\n        <\/div>\n\t\t\t\t\t\t\t<\/div> \n\t\t\t\n        \n\t\t\t\t<div id=\"ngg-image-4\" class=\"ngg-gallery-thumbnail-box\" >\n\t\t\t\t        <div class=\"ngg-gallery-thumbnail\">\n            <a href=\"http:\/\/csapokert.gorogkatolikus.hu\/wp-content\/gallery\/kerekpartura13\/DSCF8082.JPG\"\n               title=\"\"\n               data-src=\"http:\/\/csapokert.gorogkatolikus.hu\/wp-content\/gallery\/kerekpartura13\/DSCF8082.JPG\"\n               data-thumbnail=\"http:\/\/csapokert.gorogkatolikus.hu\/wp-content\/gallery\/kerekpartura13\/thumbs\/thumbs_DSCF8082.JPG\"\n               data-image-id=\"130\"\n               data-title=\"DSCF8082\"\n               data-description=\"\"\n               data-image-slug=\"dscf8082\"\n               class=\"ngg-fancybox\" rel=\"59a042ef79ac85b68a701f4108d74e0e\">\n                <img\n                    title=\"DSCF8082\"\n                    alt=\"DSCF8082\"\n                    src=\"http:\/\/csapokert.gorogkatolikus.hu\/wp-content\/gallery\/kerekpartura13\/thumbs\/thumbs_DSCF8082.JPG\"\n                    width=\"120\"\n                    height=\"90\"\n                    style=\"max-width:100%;\"\n                \/>\n            <\/a>\n        <\/div>\n\t\t\t\t\t\t\t<\/div> \n\t\t\t\n        \n\t\t\t\t<div id=\"ngg-image-5\" class=\"ngg-gallery-thumbnail-box\" >\n\t\t\t\t        <div class=\"ngg-gallery-thumbnail\">\n            <a href=\"http:\/\/csapokert.gorogkatolikus.hu\/wp-content\/gallery\/kerekpartura13\/DSCF8083.JPG\"\n               title=\"\"\n               data-src=\"http:\/\/csapokert.gorogkatolikus.hu\/wp-content\/gallery\/kerekpartura13\/DSCF8083.JPG\"\n               data-thumbnail=\"http:\/\/csapokert.gorogkatolikus.hu\/wp-content\/gallery\/kerekpartura13\/thumbs\/thumbs_DSCF8083.JPG\"\n               data-image-id=\"131\"\n               data-title=\"DSCF8083\"\n               data-description=\"\"\n               data-image-slug=\"dscf8083\"\n               class=\"ngg-fancybox\" rel=\"59a042ef79ac85b68a701f4108d74e0e\">\n                <img\n                    title=\"DSCF8083\"\n                    alt=\"DSCF8083\"\n                    src=\"http:\/\/csapokert.gorogkatolikus.hu\/wp-content\/gallery\/kerekpartura13\/thumbs\/thumbs_DSCF8083.JPG\"\n                    width=\"120\"\n                    height=\"90\"\n                    style=\"max-width:100%;\"\n                \/>\n            <\/a>\n        <\/div>\n\t\t\t\t\t\t\t<\/div> \n\t\t\t\n        \n\t\t\t\t<div id=\"ngg-image-6\" class=\"ngg-gallery-thumbnail-box\" >\n\t\t\t\t        <div class=\"ngg-gallery-thumbnail\">\n            <a href=\"http:\/\/csapokert.gorogkatolikus.hu\/wp-content\/gallery\/kerekpartura13\/DSCF8089.JPG\"\n               title=\"\"\n               data-src=\"http:\/\/csapokert.gorogkatolikus.hu\/wp-content\/gallery\/kerekpartura13\/DSCF8089.JPG\"\n               data-thumbnail=\"http:\/\/csapokert.gorogkatolikus.hu\/wp-content\/gallery\/kerekpartura13\/thumbs\/thumbs_DSCF8089.JPG\"\n               data-image-id=\"132\"\n               data-title=\"DSCF8089\"\n               data-description=\"\"\n               data-image-slug=\"dscf8089\"\n               class=\"ngg-fancybox\" rel=\"59a042ef79ac85b68a701f4108d74e0e\">\n                <img\n                    title=\"DSCF8089\"\n                    alt=\"DSCF8089\"\n                    src=\"http:\/\/csapokert.gorogkatolikus.hu\/wp-content\/gallery\/kerekpartura13\/thumbs\/thumbs_DSCF8089.JPG\"\n                    width=\"120\"\n                    height=\"90\"\n                    style=\"max-width:100%;\"\n                \/>\n            <\/a>\n        <\/div>\n\t\t\t\t\t\t\t<\/div> \n\t\t\t\n        \n\t\t\t\t<div id=\"ngg-image-7\" class=\"ngg-gallery-thumbnail-box\" >\n\t\t\t\t        <div class=\"ngg-gallery-thumbnail\">\n            <a href=\"http:\/\/csapokert.gorogkatolikus.hu\/wp-content\/gallery\/kerekpartura13\/DSCF8090.JPG\"\n               title=\"\"\n               data-src=\"http:\/\/csapokert.gorogkatolikus.hu\/wp-content\/gallery\/kerekpartura13\/DSCF8090.JPG\"\n               data-thumbnail=\"http:\/\/csapokert.gorogkatolikus.hu\/wp-content\/gallery\/kerekpartura13\/thumbs\/thumbs_DSCF8090.JPG\"\n               data-image-id=\"133\"\n               data-title=\"DSCF8090\"\n               data-description=\"\"\n               data-image-slug=\"dscf8090\"\n               class=\"ngg-fancybox\" rel=\"59a042ef79ac85b68a701f4108d74e0e\">\n                <img\n                    title=\"DSCF8090\"\n                    alt=\"DSCF8090\"\n                    src=\"http:\/\/csapokert.gorogkatolikus.hu\/wp-content\/gallery\/kerekpartura13\/thumbs\/thumbs_DSCF8090.JPG\"\n                    width=\"120\"\n                    height=\"90\"\n                    style=\"max-width:100%;\"\n                \/>\n            <\/a>\n        <\/div>\n\t\t\t\t\t\t\t<\/div> \n\t\t\t\n        \n\t\t\t\t<div id=\"ngg-image-8\" class=\"ngg-gallery-thumbnail-box\" >\n\t\t\t\t        <div class=\"ngg-gallery-thumbnail\">\n            <a href=\"http:\/\/csapokert.gorogkatolikus.hu\/wp-content\/gallery\/kerekpartura13\/DSCF8091.JPG\"\n               title=\"\"\n               data-src=\"http:\/\/csapokert.gorogkatolikus.hu\/wp-content\/gallery\/kerekpartura13\/DSCF8091.JPG\"\n               data-thumbnail=\"http:\/\/csapokert.gorogkatolikus.hu\/wp-content\/gallery\/kerekpartura13\/thumbs\/thumbs_DSCF8091.JPG\"\n               data-image-id=\"134\"\n               data-title=\"DSCF8091\"\n               data-description=\"\"\n               data-image-slug=\"dscf8091\"\n               class=\"ngg-fancybox\" rel=\"59a042ef79ac85b68a701f4108d74e0e\">\n                <img\n                    title=\"DSCF8091\"\n                    alt=\"DSCF8091\"\n                    src=\"http:\/\/csapokert.gorogkatolikus.hu\/wp-content\/gallery\/kerekpartura13\/thumbs\/thumbs_DSCF8091.JPG\"\n                    width=\"120\"\n                    height=\"90\"\n                    style=\"max-width:100%;\"\n                \/>\n            <\/a>\n        <\/div>\n\t\t\t\t\t\t\t<\/div> \n\t\t\t\n        \n\t\t\t\t<div id=\"ngg-image-9\" class=\"ngg-gallery-thumbnail-box\" >\n\t\t\t\t        <div class=\"ngg-gallery-thumbnail\">\n            <a href=\"http:\/\/csapokert.gorogkatolikus.hu\/wp-content\/gallery\/kerekpartura13\/DSCF8093.JPG\"\n               title=\"\"\n               data-src=\"http:\/\/csapokert.gorogkatolikus.hu\/wp-content\/gallery\/kerekpartura13\/DSCF8093.JPG\"\n               data-thumbnail=\"http:\/\/csapokert.gorogkatolikus.hu\/wp-content\/gallery\/kerekpartura13\/thumbs\/thumbs_DSCF8093.JPG\"\n               data-image-id=\"135\"\n               data-title=\"DSCF8093\"\n               data-description=\"\"\n               data-image-slug=\"dscf8093\"\n               class=\"ngg-fancybox\" rel=\"59a042ef79ac85b68a701f4108d74e0e\">\n                <img\n                    title=\"DSCF8093\"\n                    alt=\"DSCF8093\"\n                    src=\"http:\/\/csapokert.gorogkatolikus.hu\/wp-content\/gallery\/kerekpartura13\/thumbs\/thumbs_DSCF8093.JPG\"\n                    width=\"120\"\n                    height=\"90\"\n                    style=\"max-width:100%;\"\n                \/>\n            <\/a>\n        <\/div>\n\t\t\t\t\t\t\t<\/div> \n\t\t\t\n        \n\t\t\t\t<div id=\"ngg-image-10\" class=\"ngg-gallery-thumbnail-box\" >\n\t\t\t\t        <div class=\"ngg-gallery-thumbnail\">\n            <a href=\"http:\/\/csapokert.gorogkatolikus.hu\/wp-content\/gallery\/kerekpartura13\/DSCF8094.JPG\"\n               title=\"\"\n               data-src=\"http:\/\/csapokert.gorogkatolikus.hu\/wp-content\/gallery\/kerekpartura13\/DSCF8094.JPG\"\n               data-thumbnail=\"http:\/\/csapokert.gorogkatolikus.hu\/wp-content\/gallery\/kerekpartura13\/thumbs\/thumbs_DSCF8094.JPG\"\n               data-image-id=\"136\"\n               data-title=\"DSCF8094\"\n               data-description=\"\"\n               data-image-slug=\"dscf8094\"\n               class=\"ngg-fancybox\" rel=\"59a042ef79ac85b68a701f4108d74e0e\">\n                <img\n                    title=\"DSCF8094\"\n                    alt=\"DSCF8094\"\n                    src=\"http:\/\/csapokert.gorogkatolikus.hu\/wp-content\/gallery\/kerekpartura13\/thumbs\/thumbs_DSCF8094.JPG\"\n                    width=\"120\"\n                    height=\"90\"\n                    style=\"max-width:100%;\"\n                \/>\n            <\/a>\n        <\/div>\n\t\t\t\t\t\t\t<\/div> \n\t\t\t\n        \n\t\t\t\t<div id=\"ngg-image-11\" class=\"ngg-gallery-thumbnail-box\" >\n\t\t\t\t        <div class=\"ngg-gallery-thumbnail\">\n            <a href=\"http:\/\/csapokert.gorogkatolikus.hu\/wp-content\/gallery\/kerekpartura13\/DSCF8096.JPG\"\n               title=\"\"\n               data-src=\"http:\/\/csapokert.gorogkatolikus.hu\/wp-content\/gallery\/kerekpartura13\/DSCF8096.JPG\"\n               data-thumbnail=\"http:\/\/csapokert.gorogkatolikus.hu\/wp-content\/gallery\/kerekpartura13\/thumbs\/thumbs_DSCF8096.JPG\"\n               data-image-id=\"137\"\n               data-title=\"DSCF8096\"\n               data-description=\"\"\n               data-image-slug=\"dscf8096\"\n               class=\"ngg-fancybox\" rel=\"59a042ef79ac85b68a701f4108d74e0e\">\n                <img\n                    title=\"DSCF8096\"\n                    alt=\"DSCF8096\"\n                    src=\"http:\/\/csapokert.gorogkatolikus.hu\/wp-content\/gallery\/kerekpartura13\/thumbs\/thumbs_DSCF8096.JPG\"\n                    width=\"120\"\n                    height=\"90\"\n                    style=\"max-width:100%;\"\n                \/>\n            <\/a>\n        <\/div>\n\t\t\t\t\t\t\t<\/div> \n\t\t\t\n        \n\t\t\t\t<div id=\"ngg-image-12\" class=\"ngg-gallery-thumbnail-box\" >\n\t\t\t\t        <div class=\"ngg-gallery-thumbnail\">\n            <a href=\"http:\/\/csapokert.gorogkatolikus.hu\/wp-content\/gallery\/kerekpartura13\/DSCF8099.JPG\"\n               title=\"\"\n               data-src=\"http:\/\/csapokert.gorogkatolikus.hu\/wp-content\/gallery\/kerekpartura13\/DSCF8099.JPG\"\n               data-thumbnail=\"http:\/\/csapokert.gorogkatolikus.hu\/wp-content\/gallery\/kerekpartura13\/thumbs\/thumbs_DSCF8099.JPG\"\n               data-image-id=\"138\"\n               data-title=\"DSCF8099\"\n               data-description=\"\"\n               data-image-slug=\"dscf8099\"\n               class=\"ngg-fancybox\" rel=\"59a042ef79ac85b68a701f4108d74e0e\">\n                <img\n                    title=\"DSCF8099\"\n                    alt=\"DSCF8099\"\n                    src=\"http:\/\/csapokert.gorogkatolikus.hu\/wp-content\/gallery\/kerekpartura13\/thumbs\/thumbs_DSCF8099.JPG\"\n                    width=\"120\"\n                    height=\"90\"\n                    style=\"max-width:100%;\"\n                \/>\n            <\/a>\n        <\/div>\n\t\t\t\t\t\t\t<\/div> \n\t\t\t\n        \n\t\t\t\t<div id=\"ngg-image-13\" class=\"ngg-gallery-thumbnail-box\" >\n\t\t\t\t        <div class=\"ngg-gallery-thumbnail\">\n            <a href=\"http:\/\/csapokert.gorogkatolikus.hu\/wp-content\/gallery\/kerekpartura13\/DSCF8100.JPG\"\n               title=\"\"\n               data-src=\"http:\/\/csapokert.gorogkatolikus.hu\/wp-content\/gallery\/kerekpartura13\/DSCF8100.JPG\"\n               data-thumbnail=\"http:\/\/csapokert.gorogkatolikus.hu\/wp-content\/gallery\/kerekpartura13\/thumbs\/thumbs_DSCF8100.JPG\"\n               data-image-id=\"139\"\n               data-title=\"DSCF8100\"\n               data-description=\"\"\n               data-image-slug=\"dscf8100\"\n               class=\"ngg-fancybox\" rel=\"59a042ef79ac85b68a701f4108d74e0e\">\n                <img\n                    title=\"DSCF8100\"\n                    alt=\"DSCF8100\"\n                    src=\"http:\/\/csapokert.gorogkatolikus.hu\/wp-content\/gallery\/kerekpartura13\/thumbs\/thumbs_DSCF8100.JPG\"\n                    width=\"120\"\n                    height=\"90\"\n                    style=\"max-width:100%;\"\n                \/>\n            <\/a>\n        <\/div>\n\t\t\t\t\t\t\t<\/div> \n\t\t\t\n        \n\t\t\t\t<div id=\"ngg-image-14\" class=\"ngg-gallery-thumbnail-box\" >\n\t\t\t\t        <div class=\"ngg-gallery-thumbnail\">\n            <a href=\"http:\/\/csapokert.gorogkatolikus.hu\/wp-content\/gallery\/kerekpartura13\/DSCF8103.JPG\"\n               title=\"\"\n               data-src=\"http:\/\/csapokert.gorogkatolikus.hu\/wp-content\/gallery\/kerekpartura13\/DSCF8103.JPG\"\n               data-thumbnail=\"http:\/\/csapokert.gorogkatolikus.hu\/wp-content\/gallery\/kerekpartura13\/thumbs\/thumbs_DSCF8103.JPG\"\n               data-image-id=\"140\"\n               data-title=\"DSCF8103\"\n               data-description=\"\"\n               data-image-slug=\"dscf8103\"\n               class=\"ngg-fancybox\" rel=\"59a042ef79ac85b68a701f4108d74e0e\">\n                <img\n                    title=\"DSCF8103\"\n                    alt=\"DSCF8103\"\n                    src=\"http:\/\/csapokert.gorogkatolikus.hu\/wp-content\/gallery\/kerekpartura13\/thumbs\/thumbs_DSCF8103.JPG\"\n                    width=\"120\"\n                    height=\"90\"\n                    style=\"max-width:100%;\"\n                \/>\n            <\/a>\n        <\/div>\n\t\t\t\t\t\t\t<\/div> \n\t\t\t\n        \n\t\t\t\t<div id=\"ngg-image-15\" class=\"ngg-gallery-thumbnail-box\" >\n\t\t\t\t        <div class=\"ngg-gallery-thumbnail\">\n            <a href=\"http:\/\/csapokert.gorogkatolikus.hu\/wp-content\/gallery\/kerekpartura13\/DSCF8105.JPG\"\n               title=\"\"\n               data-src=\"http:\/\/csapokert.gorogkatolikus.hu\/wp-content\/gallery\/kerekpartura13\/DSCF8105.JPG\"\n               data-thumbnail=\"http:\/\/csapokert.gorogkatolikus.hu\/wp-content\/gallery\/kerekpartura13\/thumbs\/thumbs_DSCF8105.JPG\"\n               data-image-id=\"141\"\n               data-title=\"DSCF8105\"\n               data-description=\"\"\n               data-image-slug=\"dscf8105\"\n               class=\"ngg-fancybox\" rel=\"59a042ef79ac85b68a701f4108d74e0e\">\n                <img\n                    title=\"DSCF8105\"\n                    alt=\"DSCF8105\"\n                    src=\"http:\/\/csapokert.gorogkatolikus.hu\/wp-content\/gallery\/kerekpartura13\/thumbs\/thumbs_DSCF8105.JPG\"\n                    width=\"120\"\n                    height=\"90\"\n                    style=\"max-width:100%;\"\n                \/>\n            <\/a>\n        <\/div>\n\t\t\t\t\t\t\t<\/div> \n\t\t\t\n        \n\t\t\t\t<div id=\"ngg-image-16\" class=\"ngg-gallery-thumbnail-box\" >\n\t\t\t\t        <div class=\"ngg-gallery-thumbnail\">\n            <a href=\"http:\/\/csapokert.gorogkatolikus.hu\/wp-content\/gallery\/kerekpartura13\/DSCF8106.JPG\"\n               title=\"\"\n               data-src=\"http:\/\/csapokert.gorogkatolikus.hu\/wp-content\/gallery\/kerekpartura13\/DSCF8106.JPG\"\n               data-thumbnail=\"http:\/\/csapokert.gorogkatolikus.hu\/wp-content\/gallery\/kerekpartura13\/thumbs\/thumbs_DSCF8106.JPG\"\n               data-image-id=\"142\"\n               data-title=\"DSCF8106\"\n               data-description=\"\"\n               data-image-slug=\"dscf8106\"\n               class=\"ngg-fancybox\" rel=\"59a042ef79ac85b68a701f4108d74e0e\">\n                <img\n                    title=\"DSCF8106\"\n                    alt=\"DSCF8106\"\n                    src=\"http:\/\/csapokert.gorogkatolikus.hu\/wp-content\/gallery\/kerekpartura13\/thumbs\/thumbs_DSCF8106.JPG\"\n                    width=\"120\"\n                    height=\"90\"\n                    style=\"max-width:100%;\"\n                \/>\n            <\/a>\n        <\/div>\n\t\t\t\t\t\t\t<\/div> \n\t\t\t\n        \n\t\t\t\t<div id=\"ngg-image-17\" class=\"ngg-gallery-thumbnail-box\" >\n\t\t\t\t        <div class=\"ngg-gallery-thumbnail\">\n            <a href=\"http:\/\/csapokert.gorogkatolikus.hu\/wp-content\/gallery\/kerekpartura13\/DSCF8108.JPG\"\n               title=\"\"\n               data-src=\"http:\/\/csapokert.gorogkatolikus.hu\/wp-content\/gallery\/kerekpartura13\/DSCF8108.JPG\"\n               data-thumbnail=\"http:\/\/csapokert.gorogkatolikus.hu\/wp-content\/gallery\/kerekpartura13\/thumbs\/thumbs_DSCF8108.JPG\"\n               data-image-id=\"143\"\n               data-title=\"DSCF8108\"\n               data-description=\"\"\n               data-image-slug=\"dscf8108\"\n               class=\"ngg-fancybox\" rel=\"59a042ef79ac85b68a701f4108d74e0e\">\n                <img\n                    title=\"DSCF8108\"\n                    alt=\"DSCF8108\"\n                    src=\"http:\/\/csapokert.gorogkatolikus.hu\/wp-content\/gallery\/kerekpartura13\/thumbs\/thumbs_DSCF8108.JPG\"\n                    width=\"120\"\n                    height=\"90\"\n                    style=\"max-width:100%;\"\n                \/>\n            <\/a>\n        <\/div>\n\t\t\t\t\t\t\t<\/div> \n\t\t\t\n        \n\t\t\n\t\t<!-- Pagination -->\n\t<div class='ngg-clear'><\/div>\t<\/div>\n\n","protected":false},"excerpt":{"rendered":"","protected":false},"author":1,"featured_media":0,"parent":0,"menu_order":0,"comment_status":"closed","ping_status":"closed","template":"","meta":{"ngg_post_thumbnail":0},"_links":{"self":[{"href":"http:\/\/csapokert.gorogkatolikus.hu\/index.php?rest_route=\/wp\/v2\/pages\/211"}],"collection":[{"href":"http:\/\/csapokert.gorogkatolikus.hu\/index.php?rest_route=\/wp\/v2\/pages"}],"about":[{"href":"http:\/\/csapokert.gorogkatolikus.hu\/index.php?rest_route=\/wp\/v2\/types\/page"}],"author":[{"embeddable":true,"href":"http:\/\/csapokert.gorogkatolikus.hu\/index.php?rest_route=\/wp\/v2\/users\/1"}],"replies":[{"embeddable":true,"href":"http:\/\/csapokert.gorogkatolikus.hu\/index.php?rest_route=%2Fwp%2Fv2%2Fcomments&post=211"}],"version-history":[{"count":1,"href":"http:\/\/csapokert.gorogkatolikus.hu\/index.php?rest_route=\/wp\/v2\/pages\/211\/revisions"}],"predecessor-version":[{"id":3759,"href":"http:\/\/csapokert.gorogkatolikus.hu\/index.php?rest_route=\/wp\/v2\/pages\/211\/revisions\/3759"}],"wp:attachment":[{"href":"http:\/\/csapokert.gorogkatolikus.hu\/index.php?rest_route=%2Fwp%2Fv2%2Fmedia&parent=211"}],"curies":[{"name":"wp","href":"https:\/\/api.w.org\/{rel}","templated":true}]}}