{"id":2246,"date":"2017-09-22T08:42:03","date_gmt":"2017-09-22T08:42:03","guid":{"rendered":"http:\/\/csapokert.gorogkatolikus.hu\/?page_id=2246"},"modified":"2020-05-21T05:47:03","modified_gmt":"2020-05-21T05:47:03","slug":"mariapocs-lelkinap-2017-aprilis-8","status":"publish","type":"page","link":"http:\/\/csapokert.gorogkatolikus.hu\/?page_id=2246","title":{"rendered":"\u00c1lmosdLelkinap 2017. \u00e1prilis 8."},"content":{"rendered":"<p style=\"text-align: center;\">A program az EFOP-1.2.1-15-2016-00418 nyertes p\u00e1ly\u00e1zat finansz\u00edroz\u00e1s\u00e1ban val\u00f3sult meg.<\/p>\n<p><a href=\"http:\/\/csapokert.gorogkatolikus.hu\/wp-content\/uploads\/2017\/09\/DSC_0052.jpg\"><img decoding=\"async\" loading=\"lazy\" class=\"alignleft wp-image-2247\" src=\"http:\/\/csapokert.gorogkatolikus.hu\/wp-content\/uploads\/2017\/09\/DSC_0052.jpg\" alt=\"\" width=\"311\" height=\"175\" \/><\/a> <a href=\"http:\/\/csapokert.gorogkatolikus.hu\/wp-content\/uploads\/2017\/09\/DSC_0057.jpg\"><img decoding=\"async\" loading=\"lazy\" class=\"alignleft size-medium wp-image-2248\" src=\"http:\/\/csapokert.gorogkatolikus.hu\/wp-content\/uploads\/2017\/09\/DSC_0057.jpg\" alt=\"\" width=\"300\" height=\"169\" \/><\/a> <a href=\"http:\/\/csapokert.gorogkatolikus.hu\/wp-content\/uploads\/2017\/09\/DSC_0059.jpg\"><img decoding=\"async\" loading=\"lazy\" class=\"alignleft size-medium wp-image-2249\" src=\"http:\/\/csapokert.gorogkatolikus.hu\/wp-content\/uploads\/2017\/09\/DSC_0059.jpg\" alt=\"\" width=\"300\" height=\"169\" \/><\/a> <a href=\"http:\/\/csapokert.gorogkatolikus.hu\/wp-content\/uploads\/2017\/09\/DSC_0061.jpg\"><img decoding=\"async\" loading=\"lazy\" class=\"alignleft size-medium wp-image-2250\" src=\"http:\/\/csapokert.gorogkatolikus.hu\/wp-content\/uploads\/2017\/09\/DSC_0061.jpg\" alt=\"\" width=\"300\" height=\"169\" \/><\/a> <a href=\"http:\/\/csapokert.gorogkatolikus.hu\/wp-content\/uploads\/2017\/09\/DSC_0063.jpg\"><img decoding=\"async\" loading=\"lazy\" class=\"alignleft size-medium wp-image-2251\" src=\"http:\/\/csapokert.gorogkatolikus.hu\/wp-content\/uploads\/2017\/09\/DSC_0063.jpg\" alt=\"\" width=\"300\" height=\"169\" \/><\/a> <a href=\"http:\/\/csapokert.gorogkatolikus.hu\/wp-content\/uploads\/2017\/09\/DSC_0064.jpg\"><img decoding=\"async\" loading=\"lazy\" class=\"alignleft size-medium wp-image-2252\" src=\"http:\/\/csapokert.gorogkatolikus.hu\/wp-content\/uploads\/2017\/09\/DSC_0064.jpg\" alt=\"\" width=\"300\" height=\"169\" \/><\/a> <a href=\"http:\/\/csapokert.gorogkatolikus.hu\/wp-content\/uploads\/2017\/09\/DSC_0065.jpg\"><img decoding=\"async\" loading=\"lazy\" class=\"alignleft size-medium wp-image-2253\" src=\"http:\/\/csapokert.gorogkatolikus.hu\/wp-content\/uploads\/2017\/09\/DSC_0065.jpg\" alt=\"\" width=\"300\" height=\"169\" \/><\/a><\/p>\n","protected":false},"excerpt":{"rendered":"<p>A program az EFOP-1.2.1-15-2016-00418 nyertes p\u00e1ly\u00e1zat finansz\u00edroz\u00e1s\u00e1ban val\u00f3sult meg.<\/p>\n","protected":false},"author":3,"featured_media":0,"parent":0,"menu_order":0,"comment_status":"closed","ping_status":"closed","template":"","meta":{"ngg_post_thumbnail":0},"_links":{"self":[{"href":"http:\/\/csapokert.gorogkatolikus.hu\/index.php?rest_route=\/wp\/v2\/pages\/2246"}],"collection":[{"href":"http:\/\/csapokert.gorogkatolikus.hu\/index.php?rest_route=\/wp\/v2\/pages"}],"about":[{"href":"http:\/\/csapokert.gorogkatolikus.hu\/index.php?rest_route=\/wp\/v2\/types\/page"}],"author":[{"embeddable":true,"href":"http:\/\/csapokert.gorogkatolikus.hu\/index.php?rest_route=\/wp\/v2\/users\/3"}],"replies":[{"embeddable":true,"href":"http:\/\/csapokert.gorogkatolikus.hu\/index.php?rest_route=%2Fwp%2Fv2%2Fcomments&post=2246"}],"version-history":[{"count":5,"href":"http:\/\/csapokert.gorogkatolikus.hu\/index.php?rest_route=\/wp\/v2\/pages\/2246\/revisions"}],"predecessor-version":[{"id":4868,"href":"http:\/\/csapokert.gorogkatolikus.hu\/index.php?rest_route=\/wp\/v2\/pages\/2246\/revisions\/4868"}],"wp:attachment":[{"href":"http:\/\/csapokert.gorogkatolikus.hu\/index.php?rest_route=%2Fwp%2Fv2%2Fmedia&parent=2246"}],"curies":[{"name":"wp","href":"https:\/\/api.w.org\/{rel}","templated":true}]}}