{"id":284,"date":"2014-02-09T19:47:05","date_gmt":"2014-02-09T19:47:05","guid":{"rendered":"http:\/\/csapokert.gorogkatolikus.hu\/?page_id=284"},"modified":"2014-02-09T19:47:05","modified_gmt":"2014-02-09T19:47:05","slug":"2013-11-09-egyhazkozsegi-bal","status":"publish","type":"page","link":"http:\/\/csapokert.gorogkatolikus.hu\/?page_id=284","title":{"rendered":"2013.11.09 Egyh\u00e1zk\u00f6zs\u00e9gi B\u00e1l"},"content":{"rendered":"<!-- index.php -->\n<div\n\tclass=\"ngg-galleryoverview ngg-ajax-pagination-none\"\n\tid=\"ngg-gallery-f6283efbacac536fe0bbb59f86bf7a5d-1\">\n\n    \t<div class=\"slideshowlink\">\n        <a href='http:\/\/csapokert.gorogkatolikus.hu\/index.php\/nggallery\/slideshow?page_id=284'>[Show slideshow]<\/a>\n\t\t\n\t<\/div>\n\t\t\t<!-- Thumbnails -->\n\t\t\t\t<div id=\"ngg-image-0\" class=\"ngg-gallery-thumbnail-box\" >\n\t\t\t\t        <div class=\"ngg-gallery-thumbnail\">\n            <a href=\"http:\/\/csapokert.gorogkatolikus.hu\/wp-content\/gallery\/bal13\/DSCF8600.JPG\"\n               title=\"\"\n               data-src=\"http:\/\/csapokert.gorogkatolikus.hu\/wp-content\/gallery\/bal13\/DSCF8600.JPG\"\n               data-thumbnail=\"http:\/\/csapokert.gorogkatolikus.hu\/wp-content\/gallery\/bal13\/thumbs\/thumbs_DSCF8600.JPG\"\n               data-image-id=\"213\"\n               data-title=\"DSCF8600\"\n               data-description=\"\"\n               data-image-slug=\"dscf8600\"\n               class=\"ngg-fancybox\" rel=\"f6283efbacac536fe0bbb59f86bf7a5d\">\n                <img\n                    title=\"DSCF8600\"\n                    alt=\"DSCF8600\"\n                    src=\"http:\/\/csapokert.gorogkatolikus.hu\/wp-content\/gallery\/bal13\/thumbs\/thumbs_DSCF8600.JPG\"\n                    width=\"120\"\n                    height=\"90\"\n                    style=\"max-width:100%;\"\n                \/>\n            <\/a>\n        <\/div>\n\t\t\t\t\t\t\t<\/div> \n\t\t\t\n        \n\t\t\t\t<div id=\"ngg-image-1\" class=\"ngg-gallery-thumbnail-box\" >\n\t\t\t\t        <div class=\"ngg-gallery-thumbnail\">\n            <a href=\"http:\/\/csapokert.gorogkatolikus.hu\/wp-content\/gallery\/bal13\/DSCF8604.JPG\"\n               title=\"\"\n               data-src=\"http:\/\/csapokert.gorogkatolikus.hu\/wp-content\/gallery\/bal13\/DSCF8604.JPG\"\n               data-thumbnail=\"http:\/\/csapokert.gorogkatolikus.hu\/wp-content\/gallery\/bal13\/thumbs\/thumbs_DSCF8604.JPG\"\n               data-image-id=\"214\"\n               data-title=\"DSCF8604\"\n               data-description=\"\"\n               data-image-slug=\"dscf8604\"\n               class=\"ngg-fancybox\" rel=\"f6283efbacac536fe0bbb59f86bf7a5d\">\n                <img\n                    title=\"DSCF8604\"\n                    alt=\"DSCF8604\"\n                    src=\"http:\/\/csapokert.gorogkatolikus.hu\/wp-content\/gallery\/bal13\/thumbs\/thumbs_DSCF8604.JPG\"\n                    width=\"120\"\n                    height=\"90\"\n                    style=\"max-width:100%;\"\n                \/>\n            <\/a>\n        <\/div>\n\t\t\t\t\t\t\t<\/div> \n\t\t\t\n        \n\t\t\t\t<div id=\"ngg-image-2\" class=\"ngg-gallery-thumbnail-box\" >\n\t\t\t\t        <div class=\"ngg-gallery-thumbnail\">\n            <a href=\"http:\/\/csapokert.gorogkatolikus.hu\/wp-content\/gallery\/bal13\/DSCF8607.JPG\"\n               title=\"\"\n               data-src=\"http:\/\/csapokert.gorogkatolikus.hu\/wp-content\/gallery\/bal13\/DSCF8607.JPG\"\n               data-thumbnail=\"http:\/\/csapokert.gorogkatolikus.hu\/wp-content\/gallery\/bal13\/thumbs\/thumbs_DSCF8607.JPG\"\n               data-image-id=\"215\"\n               data-title=\"DSCF8607\"\n               data-description=\"\"\n               data-image-slug=\"dscf8607\"\n               class=\"ngg-fancybox\" rel=\"f6283efbacac536fe0bbb59f86bf7a5d\">\n                <img\n                    title=\"DSCF8607\"\n                    alt=\"DSCF8607\"\n                    src=\"http:\/\/csapokert.gorogkatolikus.hu\/wp-content\/gallery\/bal13\/thumbs\/thumbs_DSCF8607.JPG\"\n                    width=\"120\"\n                    height=\"90\"\n                    style=\"max-width:100%;\"\n                \/>\n            <\/a>\n        <\/div>\n\t\t\t\t\t\t\t<\/div> \n\t\t\t\n        \n\t\t\t\t<div id=\"ngg-image-3\" class=\"ngg-gallery-thumbnail-box\" >\n\t\t\t\t        <div class=\"ngg-gallery-thumbnail\">\n            <a href=\"http:\/\/csapokert.gorogkatolikus.hu\/wp-content\/gallery\/bal13\/DSCF8608.JPG\"\n               title=\"\"\n               data-src=\"http:\/\/csapokert.gorogkatolikus.hu\/wp-content\/gallery\/bal13\/DSCF8608.JPG\"\n               data-thumbnail=\"http:\/\/csapokert.gorogkatolikus.hu\/wp-content\/gallery\/bal13\/thumbs\/thumbs_DSCF8608.JPG\"\n               data-image-id=\"216\"\n               data-title=\"DSCF8608\"\n               data-description=\"\"\n               data-image-slug=\"dscf8608\"\n               class=\"ngg-fancybox\" rel=\"f6283efbacac536fe0bbb59f86bf7a5d\">\n                <img\n                    title=\"DSCF8608\"\n                    alt=\"DSCF8608\"\n                    src=\"http:\/\/csapokert.gorogkatolikus.hu\/wp-content\/gallery\/bal13\/thumbs\/thumbs_DSCF8608.JPG\"\n                    width=\"120\"\n                    height=\"90\"\n                    style=\"max-width:100%;\"\n                \/>\n            <\/a>\n        <\/div>\n\t\t\t\t\t\t\t<\/div> \n\t\t\t\n        \n\t\t\t\t<div id=\"ngg-image-4\" class=\"ngg-gallery-thumbnail-box\" >\n\t\t\t\t        <div class=\"ngg-gallery-thumbnail\">\n            <a href=\"http:\/\/csapokert.gorogkatolikus.hu\/wp-content\/gallery\/bal13\/DSCF8609.JPG\"\n               title=\"\"\n               data-src=\"http:\/\/csapokert.gorogkatolikus.hu\/wp-content\/gallery\/bal13\/DSCF8609.JPG\"\n               data-thumbnail=\"http:\/\/csapokert.gorogkatolikus.hu\/wp-content\/gallery\/bal13\/thumbs\/thumbs_DSCF8609.JPG\"\n               data-image-id=\"217\"\n               data-title=\"DSCF8609\"\n               data-description=\"\"\n               data-image-slug=\"dscf8609\"\n               class=\"ngg-fancybox\" rel=\"f6283efbacac536fe0bbb59f86bf7a5d\">\n                <img\n                    title=\"DSCF8609\"\n                    alt=\"DSCF8609\"\n                    src=\"http:\/\/csapokert.gorogkatolikus.hu\/wp-content\/gallery\/bal13\/thumbs\/thumbs_DSCF8609.JPG\"\n                    width=\"120\"\n                    height=\"90\"\n                    style=\"max-width:100%;\"\n                \/>\n            <\/a>\n        <\/div>\n\t\t\t\t\t\t\t<\/div> \n\t\t\t\n        \n\t\t\t\t<div id=\"ngg-image-5\" class=\"ngg-gallery-thumbnail-box\" >\n\t\t\t\t        <div class=\"ngg-gallery-thumbnail\">\n            <a href=\"http:\/\/csapokert.gorogkatolikus.hu\/wp-content\/gallery\/bal13\/DSCF8610.JPG\"\n               title=\"\"\n               data-src=\"http:\/\/csapokert.gorogkatolikus.hu\/wp-content\/gallery\/bal13\/DSCF8610.JPG\"\n               data-thumbnail=\"http:\/\/csapokert.gorogkatolikus.hu\/wp-content\/gallery\/bal13\/thumbs\/thumbs_DSCF8610.JPG\"\n               data-image-id=\"218\"\n               data-title=\"DSCF8610\"\n               data-description=\"\"\n               data-image-slug=\"dscf8610\"\n               class=\"ngg-fancybox\" rel=\"f6283efbacac536fe0bbb59f86bf7a5d\">\n                <img\n                    title=\"DSCF8610\"\n                    alt=\"DSCF8610\"\n                    src=\"http:\/\/csapokert.gorogkatolikus.hu\/wp-content\/gallery\/bal13\/thumbs\/thumbs_DSCF8610.JPG\"\n                    width=\"120\"\n                    height=\"90\"\n                    style=\"max-width:100%;\"\n                \/>\n            <\/a>\n        <\/div>\n\t\t\t\t\t\t\t<\/div> \n\t\t\t\n        \n\t\t\t\t<div id=\"ngg-image-6\" class=\"ngg-gallery-thumbnail-box\" >\n\t\t\t\t        <div class=\"ngg-gallery-thumbnail\">\n            <a href=\"http:\/\/csapokert.gorogkatolikus.hu\/wp-content\/gallery\/bal13\/DSCF8611.JPG\"\n               title=\"\"\n               data-src=\"http:\/\/csapokert.gorogkatolikus.hu\/wp-content\/gallery\/bal13\/DSCF8611.JPG\"\n               data-thumbnail=\"http:\/\/csapokert.gorogkatolikus.hu\/wp-content\/gallery\/bal13\/thumbs\/thumbs_DSCF8611.JPG\"\n               data-image-id=\"219\"\n               data-title=\"DSCF8611\"\n               data-description=\"\"\n               data-image-slug=\"dscf8611\"\n               class=\"ngg-fancybox\" rel=\"f6283efbacac536fe0bbb59f86bf7a5d\">\n                <img\n                    title=\"DSCF8611\"\n                    alt=\"DSCF8611\"\n                    src=\"http:\/\/csapokert.gorogkatolikus.hu\/wp-content\/gallery\/bal13\/thumbs\/thumbs_DSCF8611.JPG\"\n                    width=\"120\"\n                    height=\"90\"\n                    style=\"max-width:100%;\"\n                \/>\n            <\/a>\n        <\/div>\n\t\t\t\t\t\t\t<\/div> \n\t\t\t\n        \n\t\t\t\t<div id=\"ngg-image-7\" class=\"ngg-gallery-thumbnail-box\" >\n\t\t\t\t        <div class=\"ngg-gallery-thumbnail\">\n            <a href=\"http:\/\/csapokert.gorogkatolikus.hu\/wp-content\/gallery\/bal13\/DSCF8612.JPG\"\n               title=\"\"\n               data-src=\"http:\/\/csapokert.gorogkatolikus.hu\/wp-content\/gallery\/bal13\/DSCF8612.JPG\"\n               data-thumbnail=\"http:\/\/csapokert.gorogkatolikus.hu\/wp-content\/gallery\/bal13\/thumbs\/thumbs_DSCF8612.JPG\"\n               data-image-id=\"220\"\n               data-title=\"DSCF8612\"\n               data-description=\"\"\n               data-image-slug=\"dscf8612\"\n               class=\"ngg-fancybox\" rel=\"f6283efbacac536fe0bbb59f86bf7a5d\">\n                <img\n                    title=\"DSCF8612\"\n                    alt=\"DSCF8612\"\n                    src=\"http:\/\/csapokert.gorogkatolikus.hu\/wp-content\/gallery\/bal13\/thumbs\/thumbs_DSCF8612.JPG\"\n                    width=\"120\"\n                    height=\"90\"\n                    style=\"max-width:100%;\"\n                \/>\n            <\/a>\n        <\/div>\n\t\t\t\t\t\t\t<\/div> \n\t\t\t\n        \n\t\t\t\t<div id=\"ngg-image-8\" class=\"ngg-gallery-thumbnail-box\" >\n\t\t\t\t        <div class=\"ngg-gallery-thumbnail\">\n            <a href=\"http:\/\/csapokert.gorogkatolikus.hu\/wp-content\/gallery\/bal13\/DSCF8613.JPG\"\n               title=\"\"\n               data-src=\"http:\/\/csapokert.gorogkatolikus.hu\/wp-content\/gallery\/bal13\/DSCF8613.JPG\"\n               data-thumbnail=\"http:\/\/csapokert.gorogkatolikus.hu\/wp-content\/gallery\/bal13\/thumbs\/thumbs_DSCF8613.JPG\"\n               data-image-id=\"221\"\n               data-title=\"DSCF8613\"\n               data-description=\"\"\n               data-image-slug=\"dscf8613\"\n               class=\"ngg-fancybox\" rel=\"f6283efbacac536fe0bbb59f86bf7a5d\">\n                <img\n                    title=\"DSCF8613\"\n                    alt=\"DSCF8613\"\n                    src=\"http:\/\/csapokert.gorogkatolikus.hu\/wp-content\/gallery\/bal13\/thumbs\/thumbs_DSCF8613.JPG\"\n                    width=\"120\"\n                    height=\"90\"\n                    style=\"max-width:100%;\"\n                \/>\n            <\/a>\n        <\/div>\n\t\t\t\t\t\t\t<\/div> \n\t\t\t\n        \n\t\t\t\t<div id=\"ngg-image-9\" class=\"ngg-gallery-thumbnail-box\" >\n\t\t\t\t        <div class=\"ngg-gallery-thumbnail\">\n            <a href=\"http:\/\/csapokert.gorogkatolikus.hu\/wp-content\/gallery\/bal13\/DSCF8614.JPG\"\n               title=\"\"\n               data-src=\"http:\/\/csapokert.gorogkatolikus.hu\/wp-content\/gallery\/bal13\/DSCF8614.JPG\"\n               data-thumbnail=\"http:\/\/csapokert.gorogkatolikus.hu\/wp-content\/gallery\/bal13\/thumbs\/thumbs_DSCF8614.JPG\"\n               data-image-id=\"222\"\n               data-title=\"DSCF8614\"\n               data-description=\"\"\n               data-image-slug=\"dscf8614\"\n               class=\"ngg-fancybox\" rel=\"f6283efbacac536fe0bbb59f86bf7a5d\">\n                <img\n                    title=\"DSCF8614\"\n                    alt=\"DSCF8614\"\n                    src=\"http:\/\/csapokert.gorogkatolikus.hu\/wp-content\/gallery\/bal13\/thumbs\/thumbs_DSCF8614.JPG\"\n                    width=\"120\"\n                    height=\"90\"\n                    style=\"max-width:100%;\"\n                \/>\n            <\/a>\n        <\/div>\n\t\t\t\t\t\t\t<\/div> \n\t\t\t\n        \n\t\t\t\t<div id=\"ngg-image-10\" class=\"ngg-gallery-thumbnail-box\" >\n\t\t\t\t        <div class=\"ngg-gallery-thumbnail\">\n            <a href=\"http:\/\/csapokert.gorogkatolikus.hu\/wp-content\/gallery\/bal13\/DSCF8617.JPG\"\n               title=\"\"\n               data-src=\"http:\/\/csapokert.gorogkatolikus.hu\/wp-content\/gallery\/bal13\/DSCF8617.JPG\"\n               data-thumbnail=\"http:\/\/csapokert.gorogkatolikus.hu\/wp-content\/gallery\/bal13\/thumbs\/thumbs_DSCF8617.JPG\"\n               data-image-id=\"223\"\n               data-title=\"DSCF8617\"\n               data-description=\"\"\n               data-image-slug=\"dscf8617\"\n               class=\"ngg-fancybox\" rel=\"f6283efbacac536fe0bbb59f86bf7a5d\">\n                <img\n                    title=\"DSCF8617\"\n                    alt=\"DSCF8617\"\n                    src=\"http:\/\/csapokert.gorogkatolikus.hu\/wp-content\/gallery\/bal13\/thumbs\/thumbs_DSCF8617.JPG\"\n                    width=\"120\"\n                    height=\"90\"\n                    style=\"max-width:100%;\"\n                \/>\n            <\/a>\n        <\/div>\n\t\t\t\t\t\t\t<\/div> \n\t\t\t\n        \n\t\t\t\t<div id=\"ngg-image-11\" class=\"ngg-gallery-thumbnail-box\" >\n\t\t\t\t        <div class=\"ngg-gallery-thumbnail\">\n            <a href=\"http:\/\/csapokert.gorogkatolikus.hu\/wp-content\/gallery\/bal13\/DSCF8618.JPG\"\n               title=\"\"\n               data-src=\"http:\/\/csapokert.gorogkatolikus.hu\/wp-content\/gallery\/bal13\/DSCF8618.JPG\"\n               data-thumbnail=\"http:\/\/csapokert.gorogkatolikus.hu\/wp-content\/gallery\/bal13\/thumbs\/thumbs_DSCF8618.JPG\"\n               data-image-id=\"224\"\n               data-title=\"DSCF8618\"\n               data-description=\"\"\n               data-image-slug=\"dscf8618\"\n               class=\"ngg-fancybox\" rel=\"f6283efbacac536fe0bbb59f86bf7a5d\">\n                <img\n                    title=\"DSCF8618\"\n                    alt=\"DSCF8618\"\n                    src=\"http:\/\/csapokert.gorogkatolikus.hu\/wp-content\/gallery\/bal13\/thumbs\/thumbs_DSCF8618.JPG\"\n                    width=\"120\"\n                    height=\"90\"\n                    style=\"max-width:100%;\"\n                \/>\n            <\/a>\n        <\/div>\n\t\t\t\t\t\t\t<\/div> \n\t\t\t\n        \n\t\t\t\t<div id=\"ngg-image-12\" class=\"ngg-gallery-thumbnail-box\" >\n\t\t\t\t        <div class=\"ngg-gallery-thumbnail\">\n            <a href=\"http:\/\/csapokert.gorogkatolikus.hu\/wp-content\/gallery\/bal13\/DSCF8620.JPG\"\n               title=\"\"\n               data-src=\"http:\/\/csapokert.gorogkatolikus.hu\/wp-content\/gallery\/bal13\/DSCF8620.JPG\"\n               data-thumbnail=\"http:\/\/csapokert.gorogkatolikus.hu\/wp-content\/gallery\/bal13\/thumbs\/thumbs_DSCF8620.JPG\"\n               data-image-id=\"225\"\n               data-title=\"DSCF8620\"\n               data-description=\"\"\n               data-image-slug=\"dscf8620\"\n               class=\"ngg-fancybox\" rel=\"f6283efbacac536fe0bbb59f86bf7a5d\">\n                <img\n                    title=\"DSCF8620\"\n                    alt=\"DSCF8620\"\n                    src=\"http:\/\/csapokert.gorogkatolikus.hu\/wp-content\/gallery\/bal13\/thumbs\/thumbs_DSCF8620.JPG\"\n                    width=\"120\"\n                    height=\"90\"\n                    style=\"max-width:100%;\"\n                \/>\n            <\/a>\n        <\/div>\n\t\t\t\t\t\t\t<\/div> \n\t\t\t\n        \n\t\t\t\t<div id=\"ngg-image-13\" class=\"ngg-gallery-thumbnail-box\" >\n\t\t\t\t        <div class=\"ngg-gallery-thumbnail\">\n            <a href=\"http:\/\/csapokert.gorogkatolikus.hu\/wp-content\/gallery\/bal13\/DSCF8621.JPG\"\n               title=\"\"\n               data-src=\"http:\/\/csapokert.gorogkatolikus.hu\/wp-content\/gallery\/bal13\/DSCF8621.JPG\"\n               data-thumbnail=\"http:\/\/csapokert.gorogkatolikus.hu\/wp-content\/gallery\/bal13\/thumbs\/thumbs_DSCF8621.JPG\"\n               data-image-id=\"226\"\n               data-title=\"DSCF8621\"\n               data-description=\"\"\n               data-image-slug=\"dscf8621\"\n               class=\"ngg-fancybox\" rel=\"f6283efbacac536fe0bbb59f86bf7a5d\">\n                <img\n                    title=\"DSCF8621\"\n                    alt=\"DSCF8621\"\n                    src=\"http:\/\/csapokert.gorogkatolikus.hu\/wp-content\/gallery\/bal13\/thumbs\/thumbs_DSCF8621.JPG\"\n                    width=\"120\"\n                    height=\"90\"\n                    style=\"max-width:100%;\"\n                \/>\n            <\/a>\n        <\/div>\n\t\t\t\t\t\t\t<\/div> \n\t\t\t\n        \n\t\t\t\t<div id=\"ngg-image-14\" class=\"ngg-gallery-thumbnail-box\" >\n\t\t\t\t        <div class=\"ngg-gallery-thumbnail\">\n            <a href=\"http:\/\/csapokert.gorogkatolikus.hu\/wp-content\/gallery\/bal13\/DSCF8623.JPG\"\n               title=\"\"\n               data-src=\"http:\/\/csapokert.gorogkatolikus.hu\/wp-content\/gallery\/bal13\/DSCF8623.JPG\"\n               data-thumbnail=\"http:\/\/csapokert.gorogkatolikus.hu\/wp-content\/gallery\/bal13\/thumbs\/thumbs_DSCF8623.JPG\"\n               data-image-id=\"227\"\n               data-title=\"DSCF8623\"\n               data-description=\"\"\n               data-image-slug=\"dscf8623\"\n               class=\"ngg-fancybox\" rel=\"f6283efbacac536fe0bbb59f86bf7a5d\">\n                <img\n                    title=\"DSCF8623\"\n                    alt=\"DSCF8623\"\n                    src=\"http:\/\/csapokert.gorogkatolikus.hu\/wp-content\/gallery\/bal13\/thumbs\/thumbs_DSCF8623.JPG\"\n                    width=\"120\"\n                    height=\"90\"\n                    style=\"max-width:100%;\"\n                \/>\n            <\/a>\n        <\/div>\n\t\t\t\t\t\t\t<\/div> \n\t\t\t\n        \n\t\t\t\t<div id=\"ngg-image-15\" class=\"ngg-gallery-thumbnail-box\" >\n\t\t\t\t        <div class=\"ngg-gallery-thumbnail\">\n            <a href=\"http:\/\/csapokert.gorogkatolikus.hu\/wp-content\/gallery\/bal13\/DSCF8631.JPG\"\n               title=\"\"\n               data-src=\"http:\/\/csapokert.gorogkatolikus.hu\/wp-content\/gallery\/bal13\/DSCF8631.JPG\"\n               data-thumbnail=\"http:\/\/csapokert.gorogkatolikus.hu\/wp-content\/gallery\/bal13\/thumbs\/thumbs_DSCF8631.JPG\"\n               data-image-id=\"228\"\n               data-title=\"DSCF8631\"\n               data-description=\"\"\n               data-image-slug=\"dscf8631\"\n               class=\"ngg-fancybox\" rel=\"f6283efbacac536fe0bbb59f86bf7a5d\">\n                <img\n                    title=\"DSCF8631\"\n                    alt=\"DSCF8631\"\n                    src=\"http:\/\/csapokert.gorogkatolikus.hu\/wp-content\/gallery\/bal13\/thumbs\/thumbs_DSCF8631.JPG\"\n                    width=\"120\"\n                    height=\"90\"\n                    style=\"max-width:100%;\"\n                \/>\n            <\/a>\n        <\/div>\n\t\t\t\t\t\t\t<\/div> \n\t\t\t\n        \n\t\t\t\t<div id=\"ngg-image-16\" class=\"ngg-gallery-thumbnail-box\" >\n\t\t\t\t        <div class=\"ngg-gallery-thumbnail\">\n            <a href=\"http:\/\/csapokert.gorogkatolikus.hu\/wp-content\/gallery\/bal13\/DSCF8632.JPG\"\n               title=\"\"\n               data-src=\"http:\/\/csapokert.gorogkatolikus.hu\/wp-content\/gallery\/bal13\/DSCF8632.JPG\"\n               data-thumbnail=\"http:\/\/csapokert.gorogkatolikus.hu\/wp-content\/gallery\/bal13\/thumbs\/thumbs_DSCF8632.JPG\"\n               data-image-id=\"229\"\n               data-title=\"DSCF8632\"\n               data-description=\"\"\n               data-image-slug=\"dscf8632\"\n               class=\"ngg-fancybox\" rel=\"f6283efbacac536fe0bbb59f86bf7a5d\">\n                <img\n                    title=\"DSCF8632\"\n                    alt=\"DSCF8632\"\n                    src=\"http:\/\/csapokert.gorogkatolikus.hu\/wp-content\/gallery\/bal13\/thumbs\/thumbs_DSCF8632.JPG\"\n                    width=\"120\"\n                    height=\"90\"\n                    style=\"max-width:100%;\"\n                \/>\n            <\/a>\n        <\/div>\n\t\t\t\t\t\t\t<\/div> \n\t\t\t\n        \n\t\t\t\t<div id=\"ngg-image-17\" class=\"ngg-gallery-thumbnail-box\" >\n\t\t\t\t        <div class=\"ngg-gallery-thumbnail\">\n            <a href=\"http:\/\/csapokert.gorogkatolikus.hu\/wp-content\/gallery\/bal13\/DSCF8633.JPG\"\n               title=\"\"\n               data-src=\"http:\/\/csapokert.gorogkatolikus.hu\/wp-content\/gallery\/bal13\/DSCF8633.JPG\"\n               data-thumbnail=\"http:\/\/csapokert.gorogkatolikus.hu\/wp-content\/gallery\/bal13\/thumbs\/thumbs_DSCF8633.JPG\"\n               data-image-id=\"230\"\n               data-title=\"DSCF8633\"\n               data-description=\"\"\n               data-image-slug=\"dscf8633\"\n               class=\"ngg-fancybox\" rel=\"f6283efbacac536fe0bbb59f86bf7a5d\">\n                <img\n                    title=\"DSCF8633\"\n                    alt=\"DSCF8633\"\n                    src=\"http:\/\/csapokert.gorogkatolikus.hu\/wp-content\/gallery\/bal13\/thumbs\/thumbs_DSCF8633.JPG\"\n                    width=\"120\"\n                    height=\"90\"\n                    style=\"max-width:100%;\"\n                \/>\n            <\/a>\n        <\/div>\n\t\t\t\t\t\t\t<\/div> \n\t\t\t\n        \n\t\t\t\t<div id=\"ngg-image-18\" class=\"ngg-gallery-thumbnail-box\" >\n\t\t\t\t        <div class=\"ngg-gallery-thumbnail\">\n            <a href=\"http:\/\/csapokert.gorogkatolikus.hu\/wp-content\/gallery\/bal13\/DSCF8635.JPG\"\n               title=\"\"\n               data-src=\"http:\/\/csapokert.gorogkatolikus.hu\/wp-content\/gallery\/bal13\/DSCF8635.JPG\"\n               data-thumbnail=\"http:\/\/csapokert.gorogkatolikus.hu\/wp-content\/gallery\/bal13\/thumbs\/thumbs_DSCF8635.JPG\"\n               data-image-id=\"231\"\n               data-title=\"DSCF8635\"\n               data-description=\"\"\n               data-image-slug=\"dscf8635\"\n               class=\"ngg-fancybox\" rel=\"f6283efbacac536fe0bbb59f86bf7a5d\">\n                <img\n                    title=\"DSCF8635\"\n                    alt=\"DSCF8635\"\n                    src=\"http:\/\/csapokert.gorogkatolikus.hu\/wp-content\/gallery\/bal13\/thumbs\/thumbs_DSCF8635.JPG\"\n                    width=\"120\"\n                    height=\"90\"\n                    style=\"max-width:100%;\"\n                \/>\n            <\/a>\n        <\/div>\n\t\t\t\t\t\t\t<\/div> \n\t\t\t\n        \n\t\t\t\t<div id=\"ngg-image-19\" class=\"ngg-gallery-thumbnail-box\" >\n\t\t\t\t        <div class=\"ngg-gallery-thumbnail\">\n            <a href=\"http:\/\/csapokert.gorogkatolikus.hu\/wp-content\/gallery\/bal13\/DSCF8637.JPG\"\n               title=\"\"\n               data-src=\"http:\/\/csapokert.gorogkatolikus.hu\/wp-content\/gallery\/bal13\/DSCF8637.JPG\"\n               data-thumbnail=\"http:\/\/csapokert.gorogkatolikus.hu\/wp-content\/gallery\/bal13\/thumbs\/thumbs_DSCF8637.JPG\"\n               data-image-id=\"232\"\n               data-title=\"DSCF8637\"\n               data-description=\"\"\n               data-image-slug=\"dscf8637\"\n               class=\"ngg-fancybox\" rel=\"f6283efbacac536fe0bbb59f86bf7a5d\">\n                <img\n                    title=\"DSCF8637\"\n                    alt=\"DSCF8637\"\n                    src=\"http:\/\/csapokert.gorogkatolikus.hu\/wp-content\/gallery\/bal13\/thumbs\/thumbs_DSCF8637.JPG\"\n                    width=\"120\"\n                    height=\"90\"\n                    style=\"max-width:100%;\"\n                \/>\n            <\/a>\n        <\/div>\n\t\t\t\t\t\t\t<\/div> \n\t\t\t\n        \n\t\t\n\t\t<!-- Pagination -->\n\t<div class='ngg-navigation'><span class='current'>1<\/span>\n<a class='page-numbers' data-pageid='2' href='http:\/\/csapokert.gorogkatolikus.hu\/index.php\/nggallery\/page\/2?page_id=284'>2<\/a>\n<a class='prev' href='http:\/\/csapokert.gorogkatolikus.hu\/index.php\/nggallery\/page\/2?page_id=284' data-pageid=2>&#9658;<\/a><\/div>\t<\/div>\n\n","protected":false},"excerpt":{"rendered":"","protected":false},"author":1,"featured_media":0,"parent":0,"menu_order":0,"comment_status":"closed","ping_status":"closed","template":"","meta":{"ngg_post_thumbnail":0},"_links":{"self":[{"href":"http:\/\/csapokert.gorogkatolikus.hu\/index.php?rest_route=\/wp\/v2\/pages\/284"}],"collection":[{"href":"http:\/\/csapokert.gorogkatolikus.hu\/index.php?rest_route=\/wp\/v2\/pages"}],"about":[{"href":"http:\/\/csapokert.gorogkatolikus.hu\/index.php?rest_route=\/wp\/v2\/types\/page"}],"author":[{"embeddable":true,"href":"http:\/\/csapokert.gorogkatolikus.hu\/index.php?rest_route=\/wp\/v2\/users\/1"}],"replies":[{"embeddable":true,"href":"http:\/\/csapokert.gorogkatolikus.hu\/index.php?rest_route=%2Fwp%2Fv2%2Fcomments&post=284"}],"version-history":[{"count":0,"href":"http:\/\/csapokert.gorogkatolikus.hu\/index.php?rest_route=\/wp\/v2\/pages\/284\/revisions"}],"wp:attachment":[{"href":"http:\/\/csapokert.gorogkatolikus.hu\/index.php?rest_route=%2Fwp%2Fv2%2Fmedia&parent=284"}],"curies":[{"name":"wp","href":"https:\/\/api.w.org\/{rel}","templated":true}]}}