{"id":358,"date":"2014-02-11T14:03:05","date_gmt":"2014-02-11T14:03:05","guid":{"rendered":"http:\/\/csapokert.gorogkatolikus.hu\/?page_id=358"},"modified":"2019-01-18T10:48:11","modified_gmt":"2019-01-18T10:48:11","slug":"ifjusagi-csoport-2","status":"publish","type":"page","link":"http:\/\/csapokert.gorogkatolikus.hu\/?page_id=358","title":{"rendered":"Fiatalok Klubja"},"content":{"rendered":"<h1><b>Fiatalok Klubja &#8211; szeml\u00e9letform\u00e1l\u00f3 k\u00f6z\u00f6ss\u00e9gi foglalkoz\u00e1sok\u00a0 <\/b><\/h1>\n<h3><i>C\u00e9l: <\/i><\/h3>\n<p>A foglalkoz\u00e1sok c\u00e9lja a serd\u00fcl\u0151 \u00e9s id\u0151sebb fiatalok figyelm\u00e9nek \u00e9s \u00e9rtelm\u00e9nek felkelt\u00e9se a helyes \u00e9letvitelre, kiemelten a csal\u00e1di \u00e9letre, p\u00e1rkapcsolatok kialak\u00edt\u00e1s\u00e1ra. Az ismerked\u00e9s \u00fatja a p\u00e1rkapcsolaton kereszt\u00fcl a szem\u00e9lyes \u00f6n\u00e1tad\u00e1st \u00e9s aj\u00e1nd\u00e9koz\u00e1st kifejez\u0151 h\u00e1zass\u00e1gig. A tev\u00e9kenys\u00e9g r\u00e9v\u00e9n klub l\u00e9trehoz\u00e1sa.<\/p>\n<h3><i>El\u00e9r\u00e9si adatok, helysz\u00edn: <\/i><\/h3>\n<p>Helysz\u00edn: G. k. k\u00f6z\u00f6ss\u00e9gi h\u00e1z: Debrecen-Csap\u00f3kert, Vak Botty\u00e1nu 24-26.<\/p>\n<h3><i>Tematika: <\/i><\/h3>\n<ol>\n<li>D\u00f6nt\u00e9s \u00e9s felel\u0151ss\u00e9gv\u00e1llal\u00e1s mag\u00e1n \u00e9s t\u00e1rsadalmi \u00e9letben<\/li>\n<li>\u00d6szt\u00f6n\u00f6s emberi vonzalom a transzcendencia fel\u00e9<\/li>\n<li>A t\u00e9teles t\u00f6rv\u00e9nyek \u00e9s a bens\u0151 lelkiismeretei norma helyes viszonya<\/li>\n<li>Az embert\u00e1rs szeretete, mint minden egyes ember szem\u00e9lyes feladat\u00e1nak jellemz\u0151i<\/li>\n<li>Ismerked\u00e9s, egy\u00fctt j\u00e1r\u00e1s, szerelem<\/li>\n<li>A m\u00e1sik \u00e1ltal val\u00f3 hat\u00e1rtalan gazdagod\u00e1s lehet\u0151s\u00e9ge a felt\u00e9tlen szerelem \u00f6n\u00e1tad\u00e1s\u00e1ban<\/li>\n<li>A csal\u00e1d, mint a leger\u0151sebb l\u00e1thatatlan k\u00f6tel\u00e9k<\/li>\n<li>Kis- \u00e9s nagycsal\u00e1djaink. Szerepeink, hivat\u00e1sunk a csal\u00e1dk\u00f6z\u00f6ss\u00e9g tagjak\u00e9nt<\/li>\n<li>K\u00f6zhiedelmek, t\u00e9ved\u00e9sek, m\u00edtoszok a szexualit\u00e1sr\u00f3l. L\u00e9nyegl\u00e1t\u00e1s, \u0151szintes\u00e9g \u00e9s \u00f6nzetlens\u00e9g<\/li>\n<\/ol>\n","protected":false},"excerpt":{"rendered":"<p>Fiatalok Klubja &#8211; szeml\u00e9letform\u00e1l\u00f3 k\u00f6z\u00f6ss\u00e9gi foglalkoz\u00e1sok\u00a0 C\u00e9l: A foglalkoz\u00e1sok c\u00e9lja a serd\u00fcl\u0151 \u00e9s id\u0151sebb fiatalok figyelm\u00e9nek \u00e9s \u00e9rtelm\u00e9nek felkelt\u00e9se a helyes \u00e9letvitelre, kiemelten a csal\u00e1di \u00e9letre, p\u00e1rkapcsolatok kialak\u00edt\u00e1s\u00e1ra. Az ismerked\u00e9s \u00fatja a p\u00e1rkapcsolaton kereszt\u00fcl a szem\u00e9lyes \u00f6n\u00e1tad\u00e1st \u00e9s aj\u00e1nd\u00e9koz\u00e1st kifejez\u0151 h\u00e1zass\u00e1gig. A tev\u00e9kenys\u00e9g r\u00e9v\u00e9n klub l\u00e9trehoz\u00e1sa. El\u00e9r\u00e9si adatok, helysz\u00edn: Helysz\u00edn: G. k. k\u00f6z\u00f6ss\u00e9gi h\u00e1z: Debrecen-Csap\u00f3kert, [&hellip;]<\/p>\n","protected":false},"author":1,"featured_media":0,"parent":0,"menu_order":0,"comment_status":"closed","ping_status":"closed","template":"","meta":{"ngg_post_thumbnail":0},"_links":{"self":[{"href":"http:\/\/csapokert.gorogkatolikus.hu\/index.php?rest_route=\/wp\/v2\/pages\/358"}],"collection":[{"href":"http:\/\/csapokert.gorogkatolikus.hu\/index.php?rest_route=\/wp\/v2\/pages"}],"about":[{"href":"http:\/\/csapokert.gorogkatolikus.hu\/index.php?rest_route=\/wp\/v2\/types\/page"}],"author":[{"embeddable":true,"href":"http:\/\/csapokert.gorogkatolikus.hu\/index.php?rest_route=\/wp\/v2\/users\/1"}],"replies":[{"embeddable":true,"href":"http:\/\/csapokert.gorogkatolikus.hu\/index.php?rest_route=%2Fwp%2Fv2%2Fcomments&post=358"}],"version-history":[{"count":2,"href":"http:\/\/csapokert.gorogkatolikus.hu\/index.php?rest_route=\/wp\/v2\/pages\/358\/revisions"}],"predecessor-version":[{"id":360,"href":"http:\/\/csapokert.gorogkatolikus.hu\/index.php?rest_route=\/wp\/v2\/pages\/358\/revisions\/360"}],"wp:attachment":[{"href":"http:\/\/csapokert.gorogkatolikus.hu\/index.php?rest_route=%2Fwp%2Fv2%2Fmedia&parent=358"}],"curies":[{"name":"wp","href":"https:\/\/api.w.org\/{rel}","templated":true}]}}