{"id":384,"date":"2014-02-12T19:51:19","date_gmt":"2014-02-12T19:51:19","guid":{"rendered":"http:\/\/csapokert.gorogkatolikus.hu\/?page_id=384"},"modified":"2020-05-21T05:43:53","modified_gmt":"2020-05-21T05:43:53","slug":"egyhazkozsegrol","status":"publish","type":"page","link":"http:\/\/csapokert.gorogkatolikus.hu\/?page_id=384","title":{"rendered":"EFOP-1.2.1-15-2016-00418 p\u00e1ly\u00e1zat"},"content":{"rendered":"<p><a href=\"http:\/\/csapokert.gorogkatolikus.hu\/wp-content\/uploads\/2014\/02\/T\u00e1j\u00e9koztat\u00f3-honlapon_EFOP_1.2.1_15_2016_00248_1.jpg\"><img decoding=\"async\" loading=\"lazy\" class=\"alignleft wp-image-4864 size-full\" src=\"http:\/\/csapokert.gorogkatolikus.hu\/wp-content\/uploads\/2014\/02\/T\u00e1j\u00e9koztat\u00f3-honlapon_EFOP_1.2.1_15_2016_00248_1.jpg\" alt=\"\" width=\"992\" height=\"1403\" srcset=\"http:\/\/csapokert.gorogkatolikus.hu\/wp-content\/uploads\/2014\/02\/T\u00e1j\u00e9koztat\u00f3-honlapon_EFOP_1.2.1_15_2016_00248_1.jpg 992w, http:\/\/csapokert.gorogkatolikus.hu\/wp-content\/uploads\/2014\/02\/T\u00e1j\u00e9koztat\u00f3-honlapon_EFOP_1.2.1_15_2016_00248_1-212x300.jpg 212w, http:\/\/csapokert.gorogkatolikus.hu\/wp-content\/uploads\/2014\/02\/T\u00e1j\u00e9koztat\u00f3-honlapon_EFOP_1.2.1_15_2016_00248_1-768x1086.jpg 768w, http:\/\/csapokert.gorogkatolikus.hu\/wp-content\/uploads\/2014\/02\/T\u00e1j\u00e9koztat\u00f3-honlapon_EFOP_1.2.1_15_2016_00248_1-724x1024.jpg 724w, http:\/\/csapokert.gorogkatolikus.hu\/wp-content\/uploads\/2014\/02\/T\u00e1j\u00e9koztat\u00f3-honlapon_EFOP_1.2.1_15_2016_00248_1-634x897.jpg 634w, http:\/\/csapokert.gorogkatolikus.hu\/wp-content\/uploads\/2014\/02\/T\u00e1j\u00e9koztat\u00f3-honlapon_EFOP_1.2.1_15_2016_00248_1-924x1307.jpg 924w\" sizes=\"(max-width: 992px) 100vw, 992px\" \/><\/a> <a href=\"http:\/\/csapokert.gorogkatolikus.hu\/wp-content\/uploads\/2014\/02\/T\u00e1j\u00e9koztat\u00f3-honlapon_EFOP_1.2.1_15_2016_00248_2.jpg\"><img decoding=\"async\" loading=\"lazy\" class=\"alignleft wp-image-4865 size-full\" src=\"http:\/\/csapokert.gorogkatolikus.hu\/wp-content\/uploads\/2014\/02\/T\u00e1j\u00e9koztat\u00f3-honlapon_EFOP_1.2.1_15_2016_00248_2.jpg\" alt=\"\" width=\"992\" height=\"1403\" srcset=\"http:\/\/csapokert.gorogkatolikus.hu\/wp-content\/uploads\/2014\/02\/T\u00e1j\u00e9koztat\u00f3-honlapon_EFOP_1.2.1_15_2016_00248_2.jpg 992w, http:\/\/csapokert.gorogkatolikus.hu\/wp-content\/uploads\/2014\/02\/T\u00e1j\u00e9koztat\u00f3-honlapon_EFOP_1.2.1_15_2016_00248_2-212x300.jpg 212w, http:\/\/csapokert.gorogkatolikus.hu\/wp-content\/uploads\/2014\/02\/T\u00e1j\u00e9koztat\u00f3-honlapon_EFOP_1.2.1_15_2016_00248_2-768x1086.jpg 768w, http:\/\/csapokert.gorogkatolikus.hu\/wp-content\/uploads\/2014\/02\/T\u00e1j\u00e9koztat\u00f3-honlapon_EFOP_1.2.1_15_2016_00248_2-724x1024.jpg 724w, http:\/\/csapokert.gorogkatolikus.hu\/wp-content\/uploads\/2014\/02\/T\u00e1j\u00e9koztat\u00f3-honlapon_EFOP_1.2.1_15_2016_00248_2-634x897.jpg 634w, http:\/\/csapokert.gorogkatolikus.hu\/wp-content\/uploads\/2014\/02\/T\u00e1j\u00e9koztat\u00f3-honlapon_EFOP_1.2.1_15_2016_00248_2-924x1307.jpg 924w\" sizes=\"(max-width: 992px) 100vw, 992px\" \/><\/a><\/p>\n","protected":false},"excerpt":{"rendered":"","protected":false},"author":1,"featured_media":0,"parent":0,"menu_order":0,"comment_status":"closed","ping_status":"closed","template":"","meta":{"ngg_post_thumbnail":0},"_links":{"self":[{"href":"http:\/\/csapokert.gorogkatolikus.hu\/index.php?rest_route=\/wp\/v2\/pages\/384"}],"collection":[{"href":"http:\/\/csapokert.gorogkatolikus.hu\/index.php?rest_route=\/wp\/v2\/pages"}],"about":[{"href":"http:\/\/csapokert.gorogkatolikus.hu\/index.php?rest_route=\/wp\/v2\/types\/page"}],"author":[{"embeddable":true,"href":"http:\/\/csapokert.gorogkatolikus.hu\/index.php?rest_route=\/wp\/v2\/users\/1"}],"replies":[{"embeddable":true,"href":"http:\/\/csapokert.gorogkatolikus.hu\/index.php?rest_route=%2Fwp%2Fv2%2Fcomments&post=384"}],"version-history":[{"count":2,"href":"http:\/\/csapokert.gorogkatolikus.hu\/index.php?rest_route=\/wp\/v2\/pages\/384\/revisions"}],"predecessor-version":[{"id":4866,"href":"http:\/\/csapokert.gorogkatolikus.hu\/index.php?rest_route=\/wp\/v2\/pages\/384\/revisions\/4866"}],"wp:attachment":[{"href":"http:\/\/csapokert.gorogkatolikus.hu\/index.php?rest_route=%2Fwp%2Fv2%2Fmedia&parent=384"}],"curies":[{"name":"wp","href":"https:\/\/api.w.org\/{rel}","templated":true}]}}