{"id":457,"date":"2014-06-03T09:43:19","date_gmt":"2014-06-03T09:43:19","guid":{"rendered":"http:\/\/csapokert.gorogkatolikus.hu\/?page_id=457"},"modified":"2014-06-03T09:43:19","modified_gmt":"2014-06-03T09:43:19","slug":"2014-02-02-generaciok-unnepeidosek-napja","status":"publish","type":"page","link":"http:\/\/csapokert.gorogkatolikus.hu\/?page_id=457","title":{"rendered":"2014.02.02 Gener\u00e1ci\u00f3k \u00dcnnepe(Id\u0151sek napja)"},"content":{"rendered":"<!-- index.php -->\n<div\n\tclass=\"ngg-galleryoverview ngg-ajax-pagination-none\"\n\tid=\"ngg-gallery-16a920a5254a863bc8bb4f06bdb43905-1\">\n\n    \t<div class=\"slideshowlink\">\n        <a href='http:\/\/csapokert.gorogkatolikus.hu\/index.php\/nggallery\/slideshow?page_id=457'>[Show slideshow]<\/a>\n\t\t\n\t<\/div>\n\t\t\t<!-- Thumbnails -->\n\t\t\t\t<div id=\"ngg-image-0\" class=\"ngg-gallery-thumbnail-box\" >\n\t\t\t\t        <div class=\"ngg-gallery-thumbnail\">\n            <a href=\"http:\/\/csapokert.gorogkatolikus.hu\/wp-content\/gallery\/generaciok\/DSCF8985.JPG\"\n               title=\"\"\n               data-src=\"http:\/\/csapokert.gorogkatolikus.hu\/wp-content\/gallery\/generaciok\/DSCF8985.JPG\"\n               data-thumbnail=\"http:\/\/csapokert.gorogkatolikus.hu\/wp-content\/gallery\/generaciok\/thumbs\/thumbs_DSCF8985.JPG\"\n               data-image-id=\"353\"\n               data-title=\"DSCF8985\"\n               data-description=\"\"\n               data-image-slug=\"dscf8985\"\n               class=\"ngg-fancybox\" rel=\"16a920a5254a863bc8bb4f06bdb43905\">\n                <img\n                    title=\"DSCF8985\"\n                    alt=\"DSCF8985\"\n                    src=\"http:\/\/csapokert.gorogkatolikus.hu\/wp-content\/gallery\/generaciok\/thumbs\/thumbs_DSCF8985.JPG\"\n                    width=\"120\"\n                    height=\"90\"\n                    style=\"max-width:100%;\"\n                \/>\n            <\/a>\n        <\/div>\n\t\t\t\t\t\t\t<\/div> \n\t\t\t\n        \n\t\t\t\t<div id=\"ngg-image-1\" class=\"ngg-gallery-thumbnail-box\" >\n\t\t\t\t        <div class=\"ngg-gallery-thumbnail\">\n            <a href=\"http:\/\/csapokert.gorogkatolikus.hu\/wp-content\/gallery\/generaciok\/DSCF8986.JPG\"\n               title=\"\"\n               data-src=\"http:\/\/csapokert.gorogkatolikus.hu\/wp-content\/gallery\/generaciok\/DSCF8986.JPG\"\n               data-thumbnail=\"http:\/\/csapokert.gorogkatolikus.hu\/wp-content\/gallery\/generaciok\/thumbs\/thumbs_DSCF8986.JPG\"\n               data-image-id=\"354\"\n               data-title=\"DSCF8986\"\n               data-description=\"\"\n               data-image-slug=\"dscf8986\"\n               class=\"ngg-fancybox\" rel=\"16a920a5254a863bc8bb4f06bdb43905\">\n                <img\n                    title=\"DSCF8986\"\n                    alt=\"DSCF8986\"\n                    src=\"http:\/\/csapokert.gorogkatolikus.hu\/wp-content\/gallery\/generaciok\/thumbs\/thumbs_DSCF8986.JPG\"\n                    width=\"120\"\n                    height=\"90\"\n                    style=\"max-width:100%;\"\n                \/>\n            <\/a>\n        <\/div>\n\t\t\t\t\t\t\t<\/div> \n\t\t\t\n        \n\t\t\t\t<div id=\"ngg-image-2\" class=\"ngg-gallery-thumbnail-box\" >\n\t\t\t\t        <div class=\"ngg-gallery-thumbnail\">\n            <a href=\"http:\/\/csapokert.gorogkatolikus.hu\/wp-content\/gallery\/generaciok\/DSCF8987.JPG\"\n               title=\"\"\n               data-src=\"http:\/\/csapokert.gorogkatolikus.hu\/wp-content\/gallery\/generaciok\/DSCF8987.JPG\"\n               data-thumbnail=\"http:\/\/csapokert.gorogkatolikus.hu\/wp-content\/gallery\/generaciok\/thumbs\/thumbs_DSCF8987.JPG\"\n               data-image-id=\"355\"\n               data-title=\"DSCF8987\"\n               data-description=\"\"\n               data-image-slug=\"dscf8987\"\n               class=\"ngg-fancybox\" rel=\"16a920a5254a863bc8bb4f06bdb43905\">\n                <img\n                    title=\"DSCF8987\"\n                    alt=\"DSCF8987\"\n                    src=\"http:\/\/csapokert.gorogkatolikus.hu\/wp-content\/gallery\/generaciok\/thumbs\/thumbs_DSCF8987.JPG\"\n                    width=\"120\"\n                    height=\"90\"\n                    style=\"max-width:100%;\"\n                \/>\n            <\/a>\n        <\/div>\n\t\t\t\t\t\t\t<\/div> \n\t\t\t\n        \n\t\t\t\t<div id=\"ngg-image-3\" class=\"ngg-gallery-thumbnail-box\" >\n\t\t\t\t        <div class=\"ngg-gallery-thumbnail\">\n            <a href=\"http:\/\/csapokert.gorogkatolikus.hu\/wp-content\/gallery\/generaciok\/DSCF8988.JPG\"\n               title=\"\"\n               data-src=\"http:\/\/csapokert.gorogkatolikus.hu\/wp-content\/gallery\/generaciok\/DSCF8988.JPG\"\n               data-thumbnail=\"http:\/\/csapokert.gorogkatolikus.hu\/wp-content\/gallery\/generaciok\/thumbs\/thumbs_DSCF8988.JPG\"\n               data-image-id=\"356\"\n               data-title=\"DSCF8988\"\n               data-description=\"\"\n               data-image-slug=\"dscf8988\"\n               class=\"ngg-fancybox\" rel=\"16a920a5254a863bc8bb4f06bdb43905\">\n                <img\n                    title=\"DSCF8988\"\n                    alt=\"DSCF8988\"\n                    src=\"http:\/\/csapokert.gorogkatolikus.hu\/wp-content\/gallery\/generaciok\/thumbs\/thumbs_DSCF8988.JPG\"\n                    width=\"120\"\n                    height=\"90\"\n                    style=\"max-width:100%;\"\n                \/>\n            <\/a>\n        <\/div>\n\t\t\t\t\t\t\t<\/div> \n\t\t\t\n        \n\t\t\t\t<div id=\"ngg-image-4\" class=\"ngg-gallery-thumbnail-box\" >\n\t\t\t\t        <div class=\"ngg-gallery-thumbnail\">\n            <a href=\"http:\/\/csapokert.gorogkatolikus.hu\/wp-content\/gallery\/generaciok\/DSCF8989.JPG\"\n               title=\"\"\n               data-src=\"http:\/\/csapokert.gorogkatolikus.hu\/wp-content\/gallery\/generaciok\/DSCF8989.JPG\"\n               data-thumbnail=\"http:\/\/csapokert.gorogkatolikus.hu\/wp-content\/gallery\/generaciok\/thumbs\/thumbs_DSCF8989.JPG\"\n               data-image-id=\"357\"\n               data-title=\"DSCF8989\"\n               data-description=\"\"\n               data-image-slug=\"dscf8989\"\n               class=\"ngg-fancybox\" rel=\"16a920a5254a863bc8bb4f06bdb43905\">\n                <img\n                    title=\"DSCF8989\"\n                    alt=\"DSCF8989\"\n                    src=\"http:\/\/csapokert.gorogkatolikus.hu\/wp-content\/gallery\/generaciok\/thumbs\/thumbs_DSCF8989.JPG\"\n                    width=\"120\"\n                    height=\"90\"\n                    style=\"max-width:100%;\"\n                \/>\n            <\/a>\n        <\/div>\n\t\t\t\t\t\t\t<\/div> \n\t\t\t\n        \n\t\t\t\t<div id=\"ngg-image-5\" class=\"ngg-gallery-thumbnail-box\" >\n\t\t\t\t        <div class=\"ngg-gallery-thumbnail\">\n            <a href=\"http:\/\/csapokert.gorogkatolikus.hu\/wp-content\/gallery\/generaciok\/DSCF8990.JPG\"\n               title=\"\"\n               data-src=\"http:\/\/csapokert.gorogkatolikus.hu\/wp-content\/gallery\/generaciok\/DSCF8990.JPG\"\n               data-thumbnail=\"http:\/\/csapokert.gorogkatolikus.hu\/wp-content\/gallery\/generaciok\/thumbs\/thumbs_DSCF8990.JPG\"\n               data-image-id=\"358\"\n               data-title=\"DSCF8990\"\n               data-description=\"\"\n               data-image-slug=\"dscf8990\"\n               class=\"ngg-fancybox\" rel=\"16a920a5254a863bc8bb4f06bdb43905\">\n                <img\n                    title=\"DSCF8990\"\n                    alt=\"DSCF8990\"\n                    src=\"http:\/\/csapokert.gorogkatolikus.hu\/wp-content\/gallery\/generaciok\/thumbs\/thumbs_DSCF8990.JPG\"\n                    width=\"120\"\n                    height=\"90\"\n                    style=\"max-width:100%;\"\n                \/>\n            <\/a>\n        <\/div>\n\t\t\t\t\t\t\t<\/div> \n\t\t\t\n        \n\t\t\t\t<div id=\"ngg-image-6\" class=\"ngg-gallery-thumbnail-box\" >\n\t\t\t\t        <div class=\"ngg-gallery-thumbnail\">\n            <a href=\"http:\/\/csapokert.gorogkatolikus.hu\/wp-content\/gallery\/generaciok\/DSCF8991.JPG\"\n               title=\"\"\n               data-src=\"http:\/\/csapokert.gorogkatolikus.hu\/wp-content\/gallery\/generaciok\/DSCF8991.JPG\"\n               data-thumbnail=\"http:\/\/csapokert.gorogkatolikus.hu\/wp-content\/gallery\/generaciok\/thumbs\/thumbs_DSCF8991.JPG\"\n               data-image-id=\"359\"\n               data-title=\"DSCF8991\"\n               data-description=\"\"\n               data-image-slug=\"dscf8991\"\n               class=\"ngg-fancybox\" rel=\"16a920a5254a863bc8bb4f06bdb43905\">\n                <img\n                    title=\"DSCF8991\"\n                    alt=\"DSCF8991\"\n                    src=\"http:\/\/csapokert.gorogkatolikus.hu\/wp-content\/gallery\/generaciok\/thumbs\/thumbs_DSCF8991.JPG\"\n                    width=\"120\"\n                    height=\"90\"\n                    style=\"max-width:100%;\"\n                \/>\n            <\/a>\n        <\/div>\n\t\t\t\t\t\t\t<\/div> \n\t\t\t\n        \n\t\t\t\t<div id=\"ngg-image-7\" class=\"ngg-gallery-thumbnail-box\" >\n\t\t\t\t        <div class=\"ngg-gallery-thumbnail\">\n            <a href=\"http:\/\/csapokert.gorogkatolikus.hu\/wp-content\/gallery\/generaciok\/DSCF8992.JPG\"\n               title=\"\"\n               data-src=\"http:\/\/csapokert.gorogkatolikus.hu\/wp-content\/gallery\/generaciok\/DSCF8992.JPG\"\n               data-thumbnail=\"http:\/\/csapokert.gorogkatolikus.hu\/wp-content\/gallery\/generaciok\/thumbs\/thumbs_DSCF8992.JPG\"\n               data-image-id=\"360\"\n               data-title=\"DSCF8992\"\n               data-description=\"\"\n               data-image-slug=\"dscf8992\"\n               class=\"ngg-fancybox\" rel=\"16a920a5254a863bc8bb4f06bdb43905\">\n                <img\n                    title=\"DSCF8992\"\n                    alt=\"DSCF8992\"\n                    src=\"http:\/\/csapokert.gorogkatolikus.hu\/wp-content\/gallery\/generaciok\/thumbs\/thumbs_DSCF8992.JPG\"\n                    width=\"120\"\n                    height=\"90\"\n                    style=\"max-width:100%;\"\n                \/>\n            <\/a>\n        <\/div>\n\t\t\t\t\t\t\t<\/div> \n\t\t\t\n        \n\t\t\t\t<div id=\"ngg-image-8\" class=\"ngg-gallery-thumbnail-box\" >\n\t\t\t\t        <div class=\"ngg-gallery-thumbnail\">\n            <a href=\"http:\/\/csapokert.gorogkatolikus.hu\/wp-content\/gallery\/generaciok\/DSCF8993.JPG\"\n               title=\"\"\n               data-src=\"http:\/\/csapokert.gorogkatolikus.hu\/wp-content\/gallery\/generaciok\/DSCF8993.JPG\"\n               data-thumbnail=\"http:\/\/csapokert.gorogkatolikus.hu\/wp-content\/gallery\/generaciok\/thumbs\/thumbs_DSCF8993.JPG\"\n               data-image-id=\"361\"\n               data-title=\"DSCF8993\"\n               data-description=\"\"\n               data-image-slug=\"dscf8993\"\n               class=\"ngg-fancybox\" rel=\"16a920a5254a863bc8bb4f06bdb43905\">\n                <img\n                    title=\"DSCF8993\"\n                    alt=\"DSCF8993\"\n                    src=\"http:\/\/csapokert.gorogkatolikus.hu\/wp-content\/gallery\/generaciok\/thumbs\/thumbs_DSCF8993.JPG\"\n                    width=\"120\"\n                    height=\"90\"\n                    style=\"max-width:100%;\"\n                \/>\n            <\/a>\n        <\/div>\n\t\t\t\t\t\t\t<\/div> \n\t\t\t\n        \n\t\t\t\t<div id=\"ngg-image-9\" class=\"ngg-gallery-thumbnail-box\" >\n\t\t\t\t        <div class=\"ngg-gallery-thumbnail\">\n            <a href=\"http:\/\/csapokert.gorogkatolikus.hu\/wp-content\/gallery\/generaciok\/DSCF8994.JPG\"\n               title=\"\"\n               data-src=\"http:\/\/csapokert.gorogkatolikus.hu\/wp-content\/gallery\/generaciok\/DSCF8994.JPG\"\n               data-thumbnail=\"http:\/\/csapokert.gorogkatolikus.hu\/wp-content\/gallery\/generaciok\/thumbs\/thumbs_DSCF8994.JPG\"\n               data-image-id=\"362\"\n               data-title=\"DSCF8994\"\n               data-description=\"\"\n               data-image-slug=\"dscf8994\"\n               class=\"ngg-fancybox\" rel=\"16a920a5254a863bc8bb4f06bdb43905\">\n                <img\n                    title=\"DSCF8994\"\n                    alt=\"DSCF8994\"\n                    src=\"http:\/\/csapokert.gorogkatolikus.hu\/wp-content\/gallery\/generaciok\/thumbs\/thumbs_DSCF8994.JPG\"\n                    width=\"120\"\n                    height=\"90\"\n                    style=\"max-width:100%;\"\n                \/>\n            <\/a>\n        <\/div>\n\t\t\t\t\t\t\t<\/div> \n\t\t\t\n        \n\t\t\t\t<div id=\"ngg-image-10\" class=\"ngg-gallery-thumbnail-box\" >\n\t\t\t\t        <div class=\"ngg-gallery-thumbnail\">\n            <a href=\"http:\/\/csapokert.gorogkatolikus.hu\/wp-content\/gallery\/generaciok\/DSCF8995.JPG\"\n               title=\"\"\n               data-src=\"http:\/\/csapokert.gorogkatolikus.hu\/wp-content\/gallery\/generaciok\/DSCF8995.JPG\"\n               data-thumbnail=\"http:\/\/csapokert.gorogkatolikus.hu\/wp-content\/gallery\/generaciok\/thumbs\/thumbs_DSCF8995.JPG\"\n               data-image-id=\"363\"\n               data-title=\"DSCF8995\"\n               data-description=\"\"\n               data-image-slug=\"dscf8995\"\n               class=\"ngg-fancybox\" rel=\"16a920a5254a863bc8bb4f06bdb43905\">\n                <img\n                    title=\"DSCF8995\"\n                    alt=\"DSCF8995\"\n                    src=\"http:\/\/csapokert.gorogkatolikus.hu\/wp-content\/gallery\/generaciok\/thumbs\/thumbs_DSCF8995.JPG\"\n                    width=\"120\"\n                    height=\"90\"\n                    style=\"max-width:100%;\"\n                \/>\n            <\/a>\n        <\/div>\n\t\t\t\t\t\t\t<\/div> \n\t\t\t\n        \n\t\t\t\t<div id=\"ngg-image-11\" class=\"ngg-gallery-thumbnail-box\" >\n\t\t\t\t        <div class=\"ngg-gallery-thumbnail\">\n            <a href=\"http:\/\/csapokert.gorogkatolikus.hu\/wp-content\/gallery\/generaciok\/DSCF8996.JPG\"\n               title=\"\"\n               data-src=\"http:\/\/csapokert.gorogkatolikus.hu\/wp-content\/gallery\/generaciok\/DSCF8996.JPG\"\n               data-thumbnail=\"http:\/\/csapokert.gorogkatolikus.hu\/wp-content\/gallery\/generaciok\/thumbs\/thumbs_DSCF8996.JPG\"\n               data-image-id=\"364\"\n               data-title=\"DSCF8996\"\n               data-description=\"\"\n               data-image-slug=\"dscf8996\"\n               class=\"ngg-fancybox\" rel=\"16a920a5254a863bc8bb4f06bdb43905\">\n                <img\n                    title=\"DSCF8996\"\n                    alt=\"DSCF8996\"\n                    src=\"http:\/\/csapokert.gorogkatolikus.hu\/wp-content\/gallery\/generaciok\/thumbs\/thumbs_DSCF8996.JPG\"\n                    width=\"120\"\n                    height=\"90\"\n                    style=\"max-width:100%;\"\n                \/>\n            <\/a>\n        <\/div>\n\t\t\t\t\t\t\t<\/div> \n\t\t\t\n        \n\t\t\t\t<div id=\"ngg-image-12\" class=\"ngg-gallery-thumbnail-box\" >\n\t\t\t\t        <div class=\"ngg-gallery-thumbnail\">\n            <a href=\"http:\/\/csapokert.gorogkatolikus.hu\/wp-content\/gallery\/generaciok\/DSCF8997.JPG\"\n               title=\"\"\n               data-src=\"http:\/\/csapokert.gorogkatolikus.hu\/wp-content\/gallery\/generaciok\/DSCF8997.JPG\"\n               data-thumbnail=\"http:\/\/csapokert.gorogkatolikus.hu\/wp-content\/gallery\/generaciok\/thumbs\/thumbs_DSCF8997.JPG\"\n               data-image-id=\"365\"\n               data-title=\"DSCF8997\"\n               data-description=\"\"\n               data-image-slug=\"dscf8997\"\n               class=\"ngg-fancybox\" rel=\"16a920a5254a863bc8bb4f06bdb43905\">\n                <img\n                    title=\"DSCF8997\"\n                    alt=\"DSCF8997\"\n                    src=\"http:\/\/csapokert.gorogkatolikus.hu\/wp-content\/gallery\/generaciok\/thumbs\/thumbs_DSCF8997.JPG\"\n                    width=\"120\"\n                    height=\"90\"\n                    style=\"max-width:100%;\"\n                \/>\n            <\/a>\n        <\/div>\n\t\t\t\t\t\t\t<\/div> \n\t\t\t\n        \n\t\t\t\t<div id=\"ngg-image-13\" class=\"ngg-gallery-thumbnail-box\" >\n\t\t\t\t        <div class=\"ngg-gallery-thumbnail\">\n            <a href=\"http:\/\/csapokert.gorogkatolikus.hu\/wp-content\/gallery\/generaciok\/DSCF8998.JPG\"\n               title=\"\"\n               data-src=\"http:\/\/csapokert.gorogkatolikus.hu\/wp-content\/gallery\/generaciok\/DSCF8998.JPG\"\n               data-thumbnail=\"http:\/\/csapokert.gorogkatolikus.hu\/wp-content\/gallery\/generaciok\/thumbs\/thumbs_DSCF8998.JPG\"\n               data-image-id=\"366\"\n               data-title=\"DSCF8998\"\n               data-description=\"\"\n               data-image-slug=\"dscf8998\"\n               class=\"ngg-fancybox\" rel=\"16a920a5254a863bc8bb4f06bdb43905\">\n                <img\n                    title=\"DSCF8998\"\n                    alt=\"DSCF8998\"\n                    src=\"http:\/\/csapokert.gorogkatolikus.hu\/wp-content\/gallery\/generaciok\/thumbs\/thumbs_DSCF8998.JPG\"\n                    width=\"120\"\n                    height=\"90\"\n                    style=\"max-width:100%;\"\n                \/>\n            <\/a>\n        <\/div>\n\t\t\t\t\t\t\t<\/div> \n\t\t\t\n        \n\t\t\t\t<div id=\"ngg-image-14\" class=\"ngg-gallery-thumbnail-box\" >\n\t\t\t\t        <div class=\"ngg-gallery-thumbnail\">\n            <a href=\"http:\/\/csapokert.gorogkatolikus.hu\/wp-content\/gallery\/generaciok\/DSCF8999.JPG\"\n               title=\"\"\n               data-src=\"http:\/\/csapokert.gorogkatolikus.hu\/wp-content\/gallery\/generaciok\/DSCF8999.JPG\"\n               data-thumbnail=\"http:\/\/csapokert.gorogkatolikus.hu\/wp-content\/gallery\/generaciok\/thumbs\/thumbs_DSCF8999.JPG\"\n               data-image-id=\"367\"\n               data-title=\"DSCF8999\"\n               data-description=\"\"\n               data-image-slug=\"dscf8999\"\n               class=\"ngg-fancybox\" rel=\"16a920a5254a863bc8bb4f06bdb43905\">\n                <img\n                    title=\"DSCF8999\"\n                    alt=\"DSCF8999\"\n                    src=\"http:\/\/csapokert.gorogkatolikus.hu\/wp-content\/gallery\/generaciok\/thumbs\/thumbs_DSCF8999.JPG\"\n                    width=\"120\"\n                    height=\"90\"\n                    style=\"max-width:100%;\"\n                \/>\n            <\/a>\n        <\/div>\n\t\t\t\t\t\t\t<\/div> \n\t\t\t\n        \n\t\t\t\t<div id=\"ngg-image-15\" class=\"ngg-gallery-thumbnail-box\" >\n\t\t\t\t        <div class=\"ngg-gallery-thumbnail\">\n            <a href=\"http:\/\/csapokert.gorogkatolikus.hu\/wp-content\/gallery\/generaciok\/DSCF9000.JPG\"\n               title=\"\"\n               data-src=\"http:\/\/csapokert.gorogkatolikus.hu\/wp-content\/gallery\/generaciok\/DSCF9000.JPG\"\n               data-thumbnail=\"http:\/\/csapokert.gorogkatolikus.hu\/wp-content\/gallery\/generaciok\/thumbs\/thumbs_DSCF9000.JPG\"\n               data-image-id=\"368\"\n               data-title=\"DSCF9000\"\n               data-description=\"\"\n               data-image-slug=\"dscf9000\"\n               class=\"ngg-fancybox\" rel=\"16a920a5254a863bc8bb4f06bdb43905\">\n                <img\n                    title=\"DSCF9000\"\n                    alt=\"DSCF9000\"\n                    src=\"http:\/\/csapokert.gorogkatolikus.hu\/wp-content\/gallery\/generaciok\/thumbs\/thumbs_DSCF9000.JPG\"\n                    width=\"120\"\n                    height=\"90\"\n                    style=\"max-width:100%;\"\n                \/>\n            <\/a>\n        <\/div>\n\t\t\t\t\t\t\t<\/div> \n\t\t\t\n        \n\t\t\t\t<div id=\"ngg-image-16\" class=\"ngg-gallery-thumbnail-box\" >\n\t\t\t\t        <div class=\"ngg-gallery-thumbnail\">\n            <a href=\"http:\/\/csapokert.gorogkatolikus.hu\/wp-content\/gallery\/generaciok\/DSCF9001.JPG\"\n               title=\"\"\n               data-src=\"http:\/\/csapokert.gorogkatolikus.hu\/wp-content\/gallery\/generaciok\/DSCF9001.JPG\"\n               data-thumbnail=\"http:\/\/csapokert.gorogkatolikus.hu\/wp-content\/gallery\/generaciok\/thumbs\/thumbs_DSCF9001.JPG\"\n               data-image-id=\"369\"\n               data-title=\"DSCF9001\"\n               data-description=\"\"\n               data-image-slug=\"dscf9001\"\n               class=\"ngg-fancybox\" rel=\"16a920a5254a863bc8bb4f06bdb43905\">\n                <img\n                    title=\"DSCF9001\"\n                    alt=\"DSCF9001\"\n                    src=\"http:\/\/csapokert.gorogkatolikus.hu\/wp-content\/gallery\/generaciok\/thumbs\/thumbs_DSCF9001.JPG\"\n                    width=\"120\"\n                    height=\"90\"\n                    style=\"max-width:100%;\"\n                \/>\n            <\/a>\n        <\/div>\n\t\t\t\t\t\t\t<\/div> \n\t\t\t\n        \n\t\t\t\t<div id=\"ngg-image-17\" class=\"ngg-gallery-thumbnail-box\" >\n\t\t\t\t        <div class=\"ngg-gallery-thumbnail\">\n            <a href=\"http:\/\/csapokert.gorogkatolikus.hu\/wp-content\/gallery\/generaciok\/DSCF9002.JPG\"\n               title=\"\"\n               data-src=\"http:\/\/csapokert.gorogkatolikus.hu\/wp-content\/gallery\/generaciok\/DSCF9002.JPG\"\n               data-thumbnail=\"http:\/\/csapokert.gorogkatolikus.hu\/wp-content\/gallery\/generaciok\/thumbs\/thumbs_DSCF9002.JPG\"\n               data-image-id=\"370\"\n               data-title=\"DSCF9002\"\n               data-description=\"\"\n               data-image-slug=\"dscf9002\"\n               class=\"ngg-fancybox\" rel=\"16a920a5254a863bc8bb4f06bdb43905\">\n                <img\n                    title=\"DSCF9002\"\n                    alt=\"DSCF9002\"\n                    src=\"http:\/\/csapokert.gorogkatolikus.hu\/wp-content\/gallery\/generaciok\/thumbs\/thumbs_DSCF9002.JPG\"\n                    width=\"120\"\n                    height=\"90\"\n                    style=\"max-width:100%;\"\n                \/>\n            <\/a>\n        <\/div>\n\t\t\t\t\t\t\t<\/div> \n\t\t\t\n        \n\t\t\t\t<div id=\"ngg-image-18\" class=\"ngg-gallery-thumbnail-box\" >\n\t\t\t\t        <div class=\"ngg-gallery-thumbnail\">\n            <a href=\"http:\/\/csapokert.gorogkatolikus.hu\/wp-content\/gallery\/generaciok\/DSCF9003.JPG\"\n               title=\"\"\n               data-src=\"http:\/\/csapokert.gorogkatolikus.hu\/wp-content\/gallery\/generaciok\/DSCF9003.JPG\"\n               data-thumbnail=\"http:\/\/csapokert.gorogkatolikus.hu\/wp-content\/gallery\/generaciok\/thumbs\/thumbs_DSCF9003.JPG\"\n               data-image-id=\"371\"\n               data-title=\"DSCF9003\"\n               data-description=\"\"\n               data-image-slug=\"dscf9003\"\n               class=\"ngg-fancybox\" rel=\"16a920a5254a863bc8bb4f06bdb43905\">\n                <img\n                    title=\"DSCF9003\"\n                    alt=\"DSCF9003\"\n                    src=\"http:\/\/csapokert.gorogkatolikus.hu\/wp-content\/gallery\/generaciok\/thumbs\/thumbs_DSCF9003.JPG\"\n                    width=\"120\"\n                    height=\"90\"\n                    style=\"max-width:100%;\"\n                \/>\n            <\/a>\n        <\/div>\n\t\t\t\t\t\t\t<\/div> \n\t\t\t\n        \n\t\t\t\t<div id=\"ngg-image-19\" class=\"ngg-gallery-thumbnail-box\" >\n\t\t\t\t        <div class=\"ngg-gallery-thumbnail\">\n            <a href=\"http:\/\/csapokert.gorogkatolikus.hu\/wp-content\/gallery\/generaciok\/DSCF9004.JPG\"\n               title=\"\"\n               data-src=\"http:\/\/csapokert.gorogkatolikus.hu\/wp-content\/gallery\/generaciok\/DSCF9004.JPG\"\n               data-thumbnail=\"http:\/\/csapokert.gorogkatolikus.hu\/wp-content\/gallery\/generaciok\/thumbs\/thumbs_DSCF9004.JPG\"\n               data-image-id=\"372\"\n               data-title=\"DSCF9004\"\n               data-description=\"\"\n               data-image-slug=\"dscf9004\"\n               class=\"ngg-fancybox\" rel=\"16a920a5254a863bc8bb4f06bdb43905\">\n                <img\n                    title=\"DSCF9004\"\n                    alt=\"DSCF9004\"\n                    src=\"http:\/\/csapokert.gorogkatolikus.hu\/wp-content\/gallery\/generaciok\/thumbs\/thumbs_DSCF9004.JPG\"\n                    width=\"120\"\n                    height=\"90\"\n                    style=\"max-width:100%;\"\n                \/>\n            <\/a>\n        <\/div>\n\t\t\t\t\t\t\t<\/div> \n\t\t\t\n        \n\t\t\n\t\t<!-- Pagination -->\n\t<div class='ngg-navigation'><span class='current'>1<\/span>\n<a class='page-numbers' data-pageid='2' href='http:\/\/csapokert.gorogkatolikus.hu\/index.php\/nggallery\/page\/2?page_id=457'>2<\/a>\n<a class='page-numbers' data-pageid='3' href='http:\/\/csapokert.gorogkatolikus.hu\/index.php\/nggallery\/page\/3?page_id=457'>3<\/a>\n<a class='prev' href='http:\/\/csapokert.gorogkatolikus.hu\/index.php\/nggallery\/page\/2?page_id=457' data-pageid=2>&#9658;<\/a><\/div>\t<\/div>\n\n","protected":false},"excerpt":{"rendered":"","protected":false},"author":1,"featured_media":0,"parent":0,"menu_order":0,"comment_status":"closed","ping_status":"closed","template":"","meta":{"ngg_post_thumbnail":0},"_links":{"self":[{"href":"http:\/\/csapokert.gorogkatolikus.hu\/index.php?rest_route=\/wp\/v2\/pages\/457"}],"collection":[{"href":"http:\/\/csapokert.gorogkatolikus.hu\/index.php?rest_route=\/wp\/v2\/pages"}],"about":[{"href":"http:\/\/csapokert.gorogkatolikus.hu\/index.php?rest_route=\/wp\/v2\/types\/page"}],"author":[{"embeddable":true,"href":"http:\/\/csapokert.gorogkatolikus.hu\/index.php?rest_route=\/wp\/v2\/users\/1"}],"replies":[{"embeddable":true,"href":"http:\/\/csapokert.gorogkatolikus.hu\/index.php?rest_route=%2Fwp%2Fv2%2Fcomments&post=457"}],"version-history":[{"count":0,"href":"http:\/\/csapokert.gorogkatolikus.hu\/index.php?rest_route=\/wp\/v2\/pages\/457\/revisions"}],"wp:attachment":[{"href":"http:\/\/csapokert.gorogkatolikus.hu\/index.php?rest_route=%2Fwp%2Fv2%2Fmedia&parent=457"}],"curies":[{"name":"wp","href":"https:\/\/api.w.org\/{rel}","templated":true}]}}